{"id":42,"date":"2016-05-13T08:18:57","date_gmt":"2016-05-13T06:18:57","guid":{"rendered":"http:\/\/www.vafoods.eu\/fr\/?page_id=42"},"modified":"2022-07-26T14:34:51","modified_gmt":"2022-07-26T12:34:51","slug":"voorbeeld-pagina-fr","status":"publish","type":"page","link":"https:\/\/www.vafoods.eu\/fr\/","title":{"rendered":"Consommateur"},"content":{"rendered":"<p>De temps \u00e0 autre dans l&rsquo;alimentation, derri\u00e8re un go\u00fbt d\u00e9licieux se cache souvent un niveau \u00e9lev\u00e9 de sel et de sucre, ainsi que des colorants et des conservateurs. Cela pose probl\u00e8me quand nous voulons manger sainement.<br>En utilisant des ingr\u00e9dients de haute qualit\u00e9, purs et frais, VA Foods&nbsp;&nbsp;\u00e9vite l\u2019utilisation des colorants et des conservateurs autant que possible.<\/p>\n<p>Comment peut-on profiter en toute confiance d&rsquo;un sandwich ou un autre snack ? Avec les produits sans risque de VA Foods! Nos produits r\u00e9pondent tous aux exigences internationalement reconnues VITAL-2. Ainsi, nos produits sont tous sans gluten, sans lactose, sans arachide, sans noix ou d\u2019autres allerg\u00e8nes. Cela permet \u00e0 quiconque de profiter d\u2019une croquette savoureuse et d\u00e9licieuse.<\/p>\n<p>VA Foods affirme que manger est une affaire sociale. C&rsquo;est pour cela que nous avons \u00e9galement des produits pour les v\u00e9g\u00e9tariens, et plus ou moins la moiti\u00e9 de nos produits sont vegan. Savourer et manger ensemble est d\u00e9sormais \u00e0 nouveau possible. Seulement de cette fa\u00e7on, vous pouvez en toute confiance d\u00e9guster une boulette, nouille, p\u00e2te feuillet\u00e9e, rago\u00fbt\u2026..<\/p>\n<p>Comme la nourriture est une exigence fondamentale, choisissez consciemment&nbsp;VA Foods.<\/p>\n\n","protected":false},"excerpt":{"rendered":"<p>De temps \u00e0 autre dans l&rsquo;alimentation, derri\u00e8re un go\u00fbt d\u00e9licieux se cache souvent un niveau \u00e9lev\u00e9 de sel et de sucre, ainsi que des colorants et des conservateurs. Cela pose probl\u00e8me quand nous voulons manger sainement.En utilisant des ingr\u00e9dients de haute qualit\u00e9, purs et frais, VA Foods&nbsp;&nbsp;\u00e9vite l\u2019utilisation des colorants et des conservateurs autant que [&hellip;]<\/p>\n","protected":false},"author":1,"featured_media":0,"parent":0,"menu_order":89,"comment_status":"closed","ping_status":"open","template":"","meta":{"_acf_changed":false,"footnotes":""},"categories":[],"tags":[],"class_list":["post-42","page","type-page","status-publish","hentry"],"acf":[],"_links":{"self":[{"href":"https:\/\/www.vafoods.eu\/fr\/wp-json\/wp\/v2\/pages\/42","targetHints":{"allow":["GET"]}}],"collection":[{"href":"https:\/\/www.vafoods.eu\/fr\/wp-json\/wp\/v2\/pages"}],"about":[{"href":"https:\/\/www.vafoods.eu\/fr\/wp-json\/wp\/v2\/types\/page"}],"author":[{"embeddable":true,"href":"https:\/\/www.vafoods.eu\/fr\/wp-json\/wp\/v2\/users\/1"}],"replies":[{"embeddable":true,"href":"https:\/\/www.vafoods.eu\/fr\/wp-json\/wp\/v2\/comments?post=42"}],"version-history":[{"count":4,"href":"https:\/\/www.vafoods.eu\/fr\/wp-json\/wp\/v2\/pages\/42\/revisions"}],"predecessor-version":[{"id":13913,"href":"https:\/\/www.vafoods.eu\/fr\/wp-json\/wp\/v2\/pages\/42\/revisions\/13913"}],"wp:attachment":[{"href":"https:\/\/www.vafoods.eu\/fr\/wp-json\/wp\/v2\/media?parent=42"}],"wp:term":[{"taxonomy":"category","embeddable":true,"href":"https:\/\/www.vafoods.eu\/fr\/wp-json\/wp\/v2\/categories?post=42"},{"taxonomy":"post_tag","embeddable":true,"href":"https:\/\/www.vafoods.eu\/fr\/wp-json\/wp\/v2\/tags?post=42"}],"curies":[{"name":"wp","href":"https:\/\/api.w.org\/{rel}","templated":true}]}}