{"id":259,"date":"2016-06-08T18:00:23","date_gmt":"2016-06-08T16:00:23","guid":{"rendered":"http:\/\/www.vafoods.eu\/fr\/?page_id=259"},"modified":"2016-06-08T18:02:16","modified_gmt":"2016-06-08T16:02:16","slug":"desistement","status":"publish","type":"page","link":"https:\/\/www.vafoods.eu\/fr\/desistement\/","title":{"rendered":"D\u00e9sistement"},"content":{"rendered":"<p>Disclaimer Cela inclut la Politique de confidentialit\u00e9 et Politique de cookies, se applique \u00e0 l&rsquo;utilisation de tous les sites Web VA Foods, y compris le contenu, les fonctionnalit\u00e9s et les services offerts sur les sites Web.<\/p>\n<p>D\u00e9ni de responsabilit\u00e9, la gestion et la politique attentivement avant d&rsquo;utiliser les sites Web de VA Foods. En utilisant le site VA Foods que vous acceptez les Conditions d&rsquo;utilisation, la politique et acceptez de les respecter.<\/p>\n<p>Les Conditions, la gestion et la politique sont parfois modifi\u00e9es par VA Foods. Alors, lisez r\u00e9guli\u00e8rement pour se tenir au courant des changements. Une fois que vous utilisez le site vous d&rsquo;accord avec la version la plus r\u00e9cente des Conditions, la politique et la politique.<\/p>\n<h4>Responsabilit\u00e9<\/h4>\n<p>Il ya beaucoup d&rsquo;attention et de soin apport\u00e9 \u00e0 la contenu des sites web VA Foods. Toutes les informations ont \u00e9t\u00e9 fournies par VA Foods. Malgr\u00e9 le soin et l&rsquo;attention constante que nous consacrons \u00e0 la composition des sites, il est possible que l&rsquo;information publi\u00e9e ici est incompl\u00e8te et \/ ou incorrecte.<br \/>\nLes informations sur les sites VA Foods ne peut pas juridiquement contraignant. Si les aliments VA sur les sites Web ont fourni des informations et \/ ou des erreurs imparfait, nous ferons tous les efforts possibles pour corriger d\u00e8s que possible.<\/p>\n<p>VA Foods d\u00e9cline toute responsabilit\u00e9 pour les dommages directs ou indirects r\u00e9sultant de l&rsquo;utilisation des sites Web VA aliments ou sur ou via les sites Web VA Foods fourni des informations.<\/p>\n<h4>Liens externes<\/h4>\n<p>Il peut y avoir des liens vers d&rsquo;autres sites sur les sites Web VA Foods fonctionnent compl\u00e8tement ind\u00e9pendamment du lieu o\u00f9 et VA Foods n&rsquo;a aucun contr\u00f4le. VA Foods pour l&rsquo;information et la commodit\u00e9 de r\u00e9f\u00e9rence pour vous.<br \/>\nIl se peut que d&rsquo;autres sites ont leur propre politique et les conditions d&rsquo;utilisation politique de confidentialit\u00e9 des cookies et nous vous conseillons de lire \u00e0 travers si vous visitez ces sites. VA Foods n&rsquo;est pas responsable de l&rsquo;information fournie ou obtenu gr\u00e2ce \u00e0 ces sites ou pour toute autre utilisation des sites web. Toute responsabilit\u00e9 pour l&rsquo;utilisation et le contenu de ces sites sera rejet\u00e9e.<\/p>\n<h4>Droits de propri\u00e9t\u00e9 intellectuelle<\/h4>\n<p>Tous (propri\u00e9t\u00e9 intellectuelle) associ\u00e9s \u00e0 ou d\u00e9coulant du contenu des sites Web VA Foods, y compris mais sans s&rsquo;y limiter les noms repr\u00e9sent\u00e9s et logos, textes, photographies, logiciels, conception, images, la mati\u00e8re sonore, la conception, la s\u00e9lection, l&rsquo;arrangement et noms de domaine d\u00e9volus \u00e0 VA Foods ou de ses conc\u00e9dants.<\/p>\n<p>Vous pouvez v\u00e9rifier les informations sur les sites VA Foods pour un usage personnel et non commercial. Pour d&rsquo;autres utilisations des sites VA Foods, y compris la duplication ou la divulgation est n\u00e9cessaire le consentement \u00e9crit pr\u00e9alable de VA Foods ou de ses conc\u00e9dants.<\/p>\n<h4>Choix de la loi<\/h4>\n<p>L&rsquo;utilisation des sites du droit VA Foods n\u00e9erlandais. Les litiges seront soumis \u00e0 la juridiction comp\u00e9tente \u00e0 Den Bosch.<\/p>\n<h4>Questions<\/h4>\n<p>Pour des questions vous pouvez nous joindre via le formulaire de contact et FAQ.<\/p>\n","protected":false},"excerpt":{"rendered":"<p>Disclaimer Cela inclut la Politique de confidentialit\u00e9 et Politique de cookies, se applique \u00e0 l&rsquo;utilisation de tous les sites Web VA Foods, y compris le contenu, les fonctionnalit\u00e9s et les services offerts sur les sites Web. D\u00e9ni de responsabilit\u00e9, la gestion et la politique attentivement avant d&rsquo;utiliser les sites Web de VA Foods. En utilisant [&hellip;]<\/p>\n","protected":false},"author":1,"featured_media":0,"parent":0,"menu_order":74,"comment_status":"closed","ping_status":"closed","template":"","meta":{"_acf_changed":false,"footnotes":""},"categories":[],"tags":[],"class_list":["post-259","page","type-page","status-publish","hentry"],"acf":[],"_links":{"self":[{"href":"https:\/\/www.vafoods.eu\/fr\/wp-json\/wp\/v2\/pages\/259","targetHints":{"allow":["GET"]}}],"collection":[{"href":"https:\/\/www.vafoods.eu\/fr\/wp-json\/wp\/v2\/pages"}],"about":[{"href":"https:\/\/www.vafoods.eu\/fr\/wp-json\/wp\/v2\/types\/page"}],"author":[{"embeddable":true,"href":"https:\/\/www.vafoods.eu\/fr\/wp-json\/wp\/v2\/users\/1"}],"replies":[{"embeddable":true,"href":"https:\/\/www.vafoods.eu\/fr\/wp-json\/wp\/v2\/comments?post=259"}],"version-history":[{"count":3,"href":"https:\/\/www.vafoods.eu\/fr\/wp-json\/wp\/v2\/pages\/259\/revisions"}],"predecessor-version":[{"id":263,"href":"https:\/\/www.vafoods.eu\/fr\/wp-json\/wp\/v2\/pages\/259\/revisions\/263"}],"wp:attachment":[{"href":"https:\/\/www.vafoods.eu\/fr\/wp-json\/wp\/v2\/media?parent=259"}],"wp:term":[{"taxonomy":"category","embeddable":true,"href":"https:\/\/www.vafoods.eu\/fr\/wp-json\/wp\/v2\/categories?post=259"},{"taxonomy":"post_tag","embeddable":true,"href":"https:\/\/www.vafoods.eu\/fr\/wp-json\/wp\/v2\/tags?post=259"}],"curies":[{"name":"wp","href":"https:\/\/api.w.org\/{rel}","templated":true}]}}