{"id":16726,"date":"2023-02-06T14:21:36","date_gmt":"2023-02-06T13:21:36","guid":{"rendered":"https:\/\/www.vafoods.eu\/bereidingsadvies\/"},"modified":"2023-03-23T12:16:14","modified_gmt":"2023-03-23T11:16:14","slug":"bereidingsadvies","status":"publish","type":"page","link":"https:\/\/www.vafoods.eu\/fr\/bereidingsadvies\/","title":{"rendered":"Conseils de pr\u00e9paration"},"content":{"rendered":"\n<p>Vous trouverez ci-dessous les conseils de pr\u00e9paration. Attention : les d\u00e9lais mentionn\u00e9s sont des moyennes. Ceux-ci peuvent varier l\u00e9g\u00e8rement.<\/p>\n<table style=\"border-collapse: collapse; width: 70.119048%; height: 414px;\">\n<tbody>\n<tr style=\"height: 69px;\">\n<td style=\"width: 70.119047%; height: 69px;\" colspan=\"3\">\n<h3><strong>Friteuse<\/strong><\/h3>\n<\/td>\n<\/tr>\n<tr style=\"height: 23px;\">\n<td style=\"width: 35.421415%; height: 24px;\"><strong>Produit<\/strong><\/td>\n<td style=\"width: 16.766109%; height: 24px;\"><b>Temps<\/b><\/td>\n<td style=\"width: 17.931523%; height: 24px;\"><strong>Temp\u00e9rature<\/strong><\/td>\n<\/tr>\n<tr style=\"height: 23px;\">\n<td style=\"width: 35.421415%; height: 23px;\">Croquettes de b\u0153uf<\/td>\n<td style=\"width: 16.766109%; height: 23px;\">7 min.<\/td>\n<td style=\"width: 17.931523%; height: 23px;\">170 \u00baC<\/td>\n<\/tr>\n<tr style=\"height: 23px;\">\n<td style=\"width: 35.421415%; height: 23px;\">Boulettes de viande de b\u0153uf<\/td>\n<td style=\"width: 16.766109%; height: 23px;\">4 min.<\/td>\n<td style=\"width: 17.931523%; height: 23px;\">170 \u00baC<\/td>\n<\/tr>\n<tr style=\"height: 23px;\">\n<td style=\"width: 35.421415%; height: 23px;\">Fricadelles<\/td>\n<td style=\"width: 16.766109%; height: 23px;\">4 min.<\/td>\n<td style=\"width: 17.931523%; height: 23px;\">170 \u00baC<\/td>\n<\/tr>\n<tr style=\"height: 23px;\">\n<td style=\"width: 35.421415%; height: 23px;\">Nuggets de poulet<\/td>\n<td style=\"width: 16.766109%; height: 23px;\">4 min.<\/td>\n<td style=\"width: 17.931523%; height: 23px;\">170 \u00baC<\/td>\n<\/tr>\n<tr style=\"height: 23px;\">\n<td style=\"width: 35.421415%; height: 22px;\">Escalope<\/td>\n<td style=\"width: 16.766109%; height: 22px;\">4 min.<\/td>\n<td style=\"width: 17.931523%; height: 22px;\">170 \u00baC<\/td>\n<\/tr>\n<tr style=\"height: 23px;\">\n<td style=\"width: 70.119047%; height: 23px;\" colspan=\"3\">\u00a0<\/td>\n<\/tr>\n<tr style=\"height: 23px;\">\n<td style=\"width: 35.421415%; height: 23px;\">Tranches de bami (nouilles)<\/td>\n<td style=\"width: 16.766109%; height: 23px;\">7 min.<\/td>\n<td style=\"width: 17.931523%; height: 23px;\">170 \u00baC<\/td>\n<\/tr>\n<tr style=\"height: 23px;\">\n<td style=\"width: 35.421415%; height: 23px;\">Croquettes de l\u00e9gumes<\/td>\n<td style=\"width: 16.766109%; height: 23px;\">7 min.<\/td>\n<td style=\"width: 17.931523%; height: 23px;\">170 \u00baC<\/td>\n<\/tr>\n<tr style=\"height: 23px;\">\n<td style=\"width: 35.421415%; height: 23px;\">Boulettes de l\u00e9gumes<\/td>\n<td style=\"width: 16.766109%; height: 23px;\">4 min.<\/td>\n<td style=\"width: 17.931523%; height: 23px;\">170 \u00baC<\/td>\n<\/tr>\n<tr style=\"height: 23px;\">\n<td style=\"width: 35.421415%; height: 23px;\">Cheeszero Souffl\u00e9<\/td>\n<td style=\"width: 16.766109%; height: 23px;\">2 min.<\/td>\n<td style=\"width: 17.931523%; height: 23px;\">170 \u00baC<\/td>\n<\/tr>\n<tr style=\"height: 23px;\">\n<td style=\"width: 35.421415%; height: 23px;\">Cheeszero Croquette<\/td>\n<td style=\"width: 16.766109%; height: 23px;\">7 min.<\/td>\n<td style=\"width: 17.931523%; height: 23px;\">170 \u00baC<\/td>\n<\/tr>\n<tr style=\"height: 23px;\">\n<td style=\"width: 35.421415%; height: 23px;\">Cheeszero Croquette Mini<\/td>\n<td style=\"width: 16.766109%; height: 23px;\">4 min.<\/td>\n<td style=\"width: 17.931523%; height: 23px;\">170 \u00baC<\/td>\n<\/tr>\n<tr style=\"height: 23px;\">\n<td style=\"width: 35.421415%; height: 23px;\">Fricado<\/td>\n<td style=\"width: 16.766109%; height: 23px;\">5 min.<\/td>\n<td style=\"width: 17.931523%; height: 23px;\">170 \u00baC<\/td>\n<\/tr>\n<tr style=\"height: 23px;\">\n<td style=\"width: 35.421415%; height: 23px;\">Maxicado<\/td>\n<td style=\"width: 16.766109%; height: 23px;\">5 min.<\/td>\n<td style=\"width: 17.931523%; height: 23px;\">170 \u00baC<\/td>\n<\/tr>\n<\/tbody>\n<\/table>\n<p>\u00a0<\/p>\n<table style=\"border-collapse: collapse; width: 70.119048%; height: 526px;\">\n<tbody>\n<tr style=\"height: 69px;\">\n<td style=\"width: 70.119047%; height: 69px;\" colspan=\"3\">\n<h3><strong>Airfryer<\/strong><\/h3>\n<\/td>\n<\/tr>\n<tr style=\"height: 23px;\">\n<td style=\"width: 35.421415%; height: 23px;\"><strong>Produit<\/strong><\/td>\n<td style=\"width: 16.766109%; height: 23px;\"><b>Temps<\/b><\/td>\n<td style=\"width: 17.931523%; height: 23px;\"><strong>Temp\u00e9rature<\/strong><\/td>\n<\/tr>\n<tr style=\"height: 23px;\">\n<td style=\"width: 35.421415%; height: 23px;\">Croquettes de b\u0153uf*<\/td>\n<td style=\"width: 16.766109%; height: 23px;\">11 min.<\/td>\n<td style=\"width: 17.931523%; height: 23px;\">200 \u00baC<\/td>\n<\/tr>\n<tr style=\"height: 23px;\">\n<td style=\"width: 35.421415%; height: 23px;\">Boulettes de viande de b\u0153uf*<\/td>\n<td style=\"width: 16.766109%; height: 23px;\">9 min.<\/td>\n<td style=\"width: 17.931523%; height: 23px;\">200 \u00baC<\/td>\n<\/tr>\n<tr style=\"height: 23px;\">\n<td style=\"width: 35.421415%; height: 23px;\">Fricadelles<\/td>\n<td style=\"width: 16.766109%; height: 23px;\">6 min.<\/td>\n<td style=\"width: 17.931523%; height: 23px;\">200 \u00baC<\/td>\n<\/tr>\n<tr style=\"height: 23px;\">\n<td style=\"width: 35.421415%; height: 23px;\">Nuggets de poulet<\/td>\n<td style=\"width: 16.766109%; height: 23px;\">8 min.<\/td>\n<td style=\"width: 17.931523%; height: 23px;\">200 \u00baC<\/td>\n<\/tr>\n<tr style=\"height: 22px;\">\n<td style=\"width: 35.421415%; height: 22px;\">Escalope<\/td>\n<td style=\"width: 16.766109%; height: 22px;\">8 min.<\/td>\n<td style=\"width: 17.931523%; height: 22px;\">200 \u00baC<\/td>\n<\/tr>\n<tr style=\"height: 23px;\">\n<td style=\"width: 70.119047%; height: 23px;\" colspan=\"3\">\u00a0<\/td>\n<\/tr>\n<tr style=\"height: 23px;\">\n<td style=\"width: 35.421415%; height: 23px;\">Tranches de bami (nouilles)*<\/td>\n<td style=\"width: 16.766109%; height: 23px;\">17 min.<\/td>\n<td style=\"width: 17.931523%; height: 23px;\">200 \u00baC<\/td>\n<\/tr>\n<tr style=\"height: 23px;\">\n<td style=\"width: 35.421415%; height: 23px;\">Croquettes de l\u00e9gumes*<\/td>\n<td style=\"width: 16.766109%; height: 23px;\">11 min.<\/td>\n<td style=\"width: 17.931523%; height: 23px;\">200 \u00baC<\/td>\n<\/tr>\n<tr style=\"height: 23px;\">\n<td style=\"width: 35.421415%; height: 23px;\">Boulettes de l\u00e9gumes*<\/td>\n<td style=\"width: 16.766109%; height: 23px;\">9 min.<\/td>\n<td style=\"width: 17.931523%; height: 23px;\">200 \u00baC<\/td>\n<\/tr>\n<tr style=\"height: 23px;\">\n<td style=\"width: 35.421415%; height: 23px;\">Cheeszero Souffl\u00e9*<\/td>\n<td style=\"width: 16.766109%; height: 23px;\">8 min.<\/td>\n<td style=\"width: 17.931523%; height: 23px;\">200 \u00baC<\/td>\n<\/tr>\n<tr style=\"height: 23px;\">\n<td style=\"width: 35.421415%; height: 23px;\">Cheeszero Croquette*<\/td>\n<td style=\"width: 16.766109%; height: 23px;\">11 min.<\/td>\n<td style=\"width: 17.931523%; height: 23px;\">200 \u00baC<\/td>\n<\/tr>\n<tr style=\"height: 23px;\">\n<td style=\"width: 35.421415%; height: 23px;\">Cheeszero Croquette Mini*<\/td>\n<td style=\"width: 16.766109%; height: 23px;\">9 min.<\/td>\n<td style=\"width: 17.931523%; height: 23px;\">200\u00a0\u00baC<\/td>\n<\/tr>\n<tr style=\"height: 23px;\">\n<td style=\"width: 35.421415%; height: 23px;\">Fricado<\/td>\n<td style=\"width: 16.766109%; height: 23px;\">8 min.<\/td>\n<td style=\"width: 17.931523%; height: 23px;\">200 \u00baC<\/td>\n<\/tr>\n<tr style=\"height: 23px;\">\n<td style=\"width: 35.421415%; height: 23px;\">Maxicado<\/td>\n<td style=\"width: 16.766109%; height: 23px;\">8 min.<\/td>\n<td style=\"width: 17.931523%; height: 23px;\">200 \u00baC<\/td>\n<\/tr>\n<tr style=\"height: 23px;\">\n<td style=\"width: 35.421415%; height: 23px;\">\u00a0<\/td>\n<td style=\"width: 16.766109%; height: 23px;\">\u00a0<\/td>\n<td style=\"width: 17.931523%; height: 23px;\">\u00a0<\/td>\n<\/tr>\n<tr style=\"height: 23px;\">\n<td style=\"width: 35.421415%; height: 23px;\">Chausson aux pommes**<\/td>\n<td style=\"width: 16.766109%; height: 23px;\">4 min.<\/td>\n<td style=\"width: 17.931523%; height: 23px;\">200 \u00baC<\/td>\n<\/tr>\n<tr style=\"height: 23px;\">\n<td style=\"width: 35.421415%; height: 23px;\">Pain fricadelles<\/td>\n<td style=\"width: 16.766109%; height: 23px;\">8 min.<\/td>\n<td style=\"width: 17.931523%; height: 23px;\">200 \u00baC<\/td>\n<\/tr>\n<tr style=\"height: 21px;\">\n<td style=\"width: 35.421415%; height: 21px;\">Pat\u00e9 feuillet\u00e9e<\/td>\n<td style=\"width: 16.766109%; height: 21px;\">15-30 min.<\/td>\n<td style=\"width: 17.931523%; height: 21px;\">200 \u00baC<\/td>\n<\/tr>\n<tr style=\"height: 23px;\">\n<td style=\"width: 35.421415%; height: 23px;\">Vol-au-vent<\/td>\n<td style=\"width: 16.766109%; height: 23px;\">6 min.<\/td>\n<td style=\"width: 17.931523%; height: 23px;\">165 \u00baC<\/td>\n<\/tr>\n<\/tbody>\n<\/table>\n<p><span style=\"color: #709302;\"><em>*= nous vous recommandons de vaporiser ce produit avec un spray \u00e0 l&rsquo;huile d&rsquo;olive avant de le pr\u00e9parer<br \/>**= pr\u00e9parez les chaussons aux pommes directement du cong\u00e9lateur. Mettez-les d&rsquo;abord bri\u00e8vement au micro-ondes <strong>(30 secondes, 300 Watt)<\/strong>. Ne pas d\u00e9congeler. Vous n&rsquo;avez pas de micro-ondes \u00e0 votre disposition ? Alors sautez cette \u00e9tape.<\/em><\/span><\/p>\n<table style=\"border-collapse: collapse; width: 94.280135%; height: 528px;\">\n<tbody>\n<tr style=\"height: 69px;\">\n<td style=\"height: 69px; width: 72.547999%;\" colspan=\"3\">\n<h3><strong>Four<\/strong><\/h3>\n<\/td>\n<td style=\"width: 98.049374%; height: 69px;\">\n<h3><strong>\u00a0<\/strong><\/h3>\n<\/td>\n<\/tr>\n<tr style=\"height: 23px;\">\n<td style=\"width: 36.748305%; height: 24px;\"><strong>Produit<\/strong><\/td>\n<td style=\"width: 20.02326%; height: 24px;\"><strong>Temps<\/strong><\/td>\n<td style=\"width: 15.776434%; height: 24px;\"><strong>Temp\u00e9rature<\/strong><\/td>\n<td style=\"width: 98.049374%; height: 24px;\"><strong>\u00a0<\/strong><\/td>\n<\/tr>\n<tr style=\"height: 23px;\">\n<td style=\"width: 36.748305%; height: 23px;\">Croquettes de b\u0153uf*<\/td>\n<td style=\"width: 20.02326%; height: 23px;\">20 min.<\/td>\n<td style=\"width: 15.776434%; height: 23px;\">190 \u00baC<\/td>\n<td style=\"width: 98.049374%; height: 23px;\">\u00a0<\/td>\n<\/tr>\n<tr style=\"height: 23px;\">\n<td style=\"width: 36.748305%; height: 23px;\">Boulettes de viande de b\u0153uf*<\/td>\n<td style=\"width: 20.02326%; height: 23px;\">18 min.<\/td>\n<td style=\"width: 15.776434%; height: 23px;\">190 \u00baC<\/td>\n<td style=\"width: 98.049374%; height: 23px;\">\u00a0<\/td>\n<\/tr>\n<tr style=\"height: 23px;\">\n<td style=\"width: 36.748305%; height: 23px;\">Fricadelles<\/td>\n<td style=\"width: 20.02326%; height: 23px;\">13 min.<\/td>\n<td style=\"width: 15.776434%; height: 23px;\">250 \u00baC<\/td>\n<td style=\"width: 98.049374%; height: 23px;\">\u00a0<\/td>\n<\/tr>\n<tr style=\"height: 23px;\">\n<td style=\"width: 36.748305%; height: 23px;\">Nuggets de poulet<\/td>\n<td style=\"width: 20.02326%; height: 23px;\">9 min.<\/td>\n<td style=\"width: 15.776434%; height: 23px;\">250 \u00baC<\/td>\n<td style=\"width: 98.049374%; height: 23px;\">\u00a0<\/td>\n<\/tr>\n<tr style=\"height: 22px;\">\n<td style=\"width: 36.748305%; height: 22px;\">Escalope<\/td>\n<td style=\"width: 20.02326%; height: 22px;\">9 min.<\/td>\n<td style=\"width: 15.776434%; height: 22px;\">250 \u00baC<\/td>\n<td style=\"width: 98.049374%; height: 22px;\">\u00a0<\/td>\n<\/tr>\n<tr style=\"height: 23px;\">\n<td style=\"height: 23px; width: 72.547999%;\" colspan=\"3\">\u00a0<\/td>\n<td style=\"width: 98.049374%; height: 23px;\">\u00a0<\/td>\n<\/tr>\n<tr style=\"height: 23px;\">\n<td style=\"width: 36.748305%; height: 24px;\">Tranches de bami (nouilles)*<\/td>\n<td style=\"width: 20.02326%; height: 24px;\">23 min.<\/td>\n<td style=\"width: 15.776434%; height: 24px;\">250 \u00baC\u00a0<\/td>\n<td style=\"width: 98.049374%; height: 24px;\">(fonction gril)<\/td>\n<\/tr>\n<tr style=\"height: 23px;\">\n<td style=\"width: 36.748305%; height: 23px;\">Croquettes de l\u00e9gumes*<\/td>\n<td style=\"width: 20.02326%; height: 23px;\">20 min.<\/td>\n<td style=\"width: 15.776434%; height: 23px;\">190 \u00baC\u00a0<\/td>\n<td style=\"width: 98.049374%; height: 23px;\">(fonction gril)<\/td>\n<\/tr>\n<tr style=\"height: 23px;\">\n<td style=\"width: 36.748305%; height: 23px;\">Boulettes de l\u00e9gumes*<\/td>\n<td style=\"width: 20.02326%; height: 23px;\">18 min.<\/td>\n<td style=\"width: 15.776434%; height: 23px;\">190 \u00baC<\/td>\n<td style=\"width: 98.049374%; height: 23px;\">(fonction gril)<\/td>\n<\/tr>\n<tr style=\"height: 23px;\">\n<td style=\"width: 36.748305%; height: 23px;\">Cheeszero Souffl\u00e9*<\/td>\n<td style=\"width: 20.02326%; height: 23px;\">9 min.<\/td>\n<td style=\"width: 15.776434%; height: 23px;\">250 \u00baC<\/td>\n<td style=\"width: 98.049374%; height: 23px;\">(fonction gril)<\/td>\n<\/tr>\n<tr style=\"height: 23px;\">\n<td style=\"width: 36.748305%; height: 23px;\">Cheeszero Croquette*<\/td>\n<td style=\"width: 20.02326%; height: 23px;\">20 min.<\/td>\n<td style=\"width: 15.776434%; height: 23px;\">190 \u00baC<\/td>\n<td style=\"width: 98.049374%; height: 23px;\">(fonction gril)<\/td>\n<\/tr>\n<tr style=\"height: 23px;\">\n<td style=\"width: 36.748305%; height: 23px;\">Cheeszero Croquette Mini*<\/td>\n<td style=\"width: 20.02326%; height: 23px;\">18 min.<\/td>\n<td style=\"width: 15.776434%; height: 23px;\">190 \u00baC<\/td>\n<td style=\"width: 98.049374%; height: 23px;\">(fonction gril)<\/td>\n<\/tr>\n<tr style=\"height: 23px;\">\n<td style=\"width: 36.748305%; height: 23px;\">Fricado<\/td>\n<td style=\"width: 20.02326%; height: 23px;\">16 min.<\/td>\n<td style=\"width: 15.776434%; height: 23px;\">250 \u00baC<\/td>\n<td style=\"width: 98.049374%; height: 23px;\">(fonction gril)<\/td>\n<\/tr>\n<tr style=\"height: 23px;\">\n<td style=\"width: 36.748305%; height: 23px;\">Maxicado<\/td>\n<td style=\"width: 20.02326%; height: 23px;\">16 min.<\/td>\n<td style=\"width: 15.776434%; height: 23px;\">250 \u00baC<\/td>\n<td style=\"width: 98.049374%; height: 23px;\">(fonction gril)<\/td>\n<\/tr>\n<tr style=\"height: 22px;\">\n<td style=\"width: 36.748305%; height: 22px;\">\u00a0<\/td>\n<td style=\"width: 20.02326%; height: 22px;\">\u00a0<\/td>\n<td style=\"width: 15.776434%; height: 22px;\">\u00a0<\/td>\n<td style=\"width: 98.049374%; height: 22px;\">\u00a0<\/td>\n<\/tr>\n<tr style=\"height: 23px;\">\n<td style=\"width: 36.748305%; height: 23px;\">Chausson aux pommes**<\/td>\n<td style=\"width: 20.02326%; height: 23px;\">8 min.<\/td>\n<td style=\"width: 15.776434%; height: 23px;\">200 \u00baC<\/td>\n<td style=\"width: 98.049374%; height: 23px;\">\u00a0<\/td>\n<\/tr>\n<tr style=\"height: 23px;\">\n<td style=\"width: 36.748305%; height: 23px;\">Pain fricadelles<\/td>\n<td style=\"width: 20.02326%; height: 23px;\">14 min.<\/td>\n<td style=\"width: 15.776434%; height: 23px;\">180 \u00baC<\/td>\n<td style=\"width: 98.049374%; height: 23px;\">\u00a0<\/td>\n<\/tr>\n<tr style=\"height: 23px;\">\n<td style=\"width: 36.748305%; height: 22px;\">Pat\u00e9 feuillet\u00e9e<\/td>\n<td style=\"width: 20.02326%; height: 22px;\">15-30 min.<\/td>\n<td style=\"width: 15.776434%; height: 22px;\">225-240 \u00baC<\/td>\n<td style=\"width: 98.049374%; height: 22px;\">(fonction gril)<\/td>\n<\/tr>\n<tr style=\"height: 23px;\">\n<td style=\"width: 36.748305%; height: 23px;\">Vol-au-vent<\/td>\n<td style=\"width: 20.02326%; height: 23px;\">15 min.<\/td>\n<td style=\"width: 15.776434%; height: 23px;\">165 \u00baC<\/td>\n<td style=\"width: 98.049374%; height: 23px;\">\u00a0<\/td>\n<\/tr>\n<\/tbody>\n<\/table>\n<p><span style=\"color: #709302;\"><em>*= nous vous recommandons de vaporiser ce produit avec un spray \u00e0 l&rsquo;huile d&rsquo;olive avant de le pr\u00e9parer<br \/>**= pr\u00e9parez les chaussons aux pommes directement du cong\u00e9lateur. Mettez-les d&rsquo;abord bri\u00e8vement au micro-ondes <strong>(30 secondes, 300 Watt)<\/strong>. Ne pas d\u00e9congeler. Vous n&rsquo;avez pas de micro-ondes \u00e0 votre disposition ? Alors sautez cette \u00e9tape.<\/em><\/span><\/p>\n<table style=\"border-collapse: collapse; width: 70.119048%; height: 254px;\">\n<tbody>\n<tr style=\"height: 69px;\">\n<td style=\"width: 52.357303%; height: 69px;\" colspan=\"2\">\n<h3>Po\u00eale<\/h3>\n<\/td>\n<\/tr>\n<tr style=\"height: 23px;\">\n<td style=\"width: 35.421415%; height: 23px;\"><strong>Produits<\/strong><\/td>\n<td style=\"width: 16.935888%; height: 23px;\"><strong>Temps<\/strong><\/td>\n<\/tr>\n<tr style=\"height: 23px;\">\n<td style=\"width: 35.421415%; height: 23px;\">Fricadelles<\/td>\n<td style=\"width: 16.935888%; height: 23px;\">9 min.<\/td>\n<\/tr>\n<tr style=\"height: 23px;\">\n<td style=\"width: 35.421415%; height: 23px;\">Nuggets de poulet<\/td>\n<td style=\"width: 16.935888%; height: 23px;\">6 min.<\/td>\n<\/tr>\n<tr style=\"height: 23px;\">\n<td style=\"width: 35.421415%; height: 23px;\">Escalope\u00a0<\/td>\n<td style=\"width: 16.935888%; height: 23px;\">6 min.<\/td>\n<\/tr>\n<tr style=\"height: 23px;\">\n<td style=\"width: 52.357303%; height: 23px;\" colspan=\"2\">\u00a0<\/td>\n<\/tr>\n<tr style=\"height: 23px;\">\n<td style=\"width: 35.421415%; height: 24px;\">Cheeszero Souffl\u00e9<\/td>\n<td style=\"width: 16.935888%; height: 24px;\">4 min.<\/td>\n<\/tr>\n<tr style=\"height: 23px;\">\n<td style=\"width: 35.421415%; height: 23px;\">Fricado<\/td>\n<td style=\"width: 16.935888%; height: 23px;\">10 min.<\/td>\n<\/tr>\n<tr style=\"height: 23px;\">\n<td style=\"width: 35.421415%; height: 23px;\">Maxicado<\/td>\n<td style=\"width: 16.935888%; height: 23px;\">10 min.<\/td>\n<\/tr>\n<\/tbody>\n<\/table>\n<p>\u00a0<\/p>\n","protected":false},"excerpt":{"rendered":"<p>Vous trouverez ci-dessous les conseils de pr\u00e9paration. Attention : les d\u00e9lais mentionn\u00e9s sont des moyennes. Ceux-ci peuvent varier l\u00e9g\u00e8rement. Friteuse Produit Temps Temp\u00e9rature Croquettes de b\u0153uf 7 min. 170 \u00baC Boulettes de viande de b\u0153uf 4 min. 170 \u00baC Fricadelles 4 min. 170 \u00baC Nuggets de poulet 4 min. 170 \u00baC Escalope 4 min. 170 [&hellip;]<\/p>\n","protected":false},"author":3,"featured_media":0,"parent":0,"menu_order":38,"comment_status":"closed","ping_status":"closed","template":"","meta":{"_acf_changed":false,"footnotes":""},"categories":[],"tags":[],"class_list":["post-16726","page","type-page","status-publish","hentry"],"acf":[],"_links":{"self":[{"href":"https:\/\/www.vafoods.eu\/fr\/wp-json\/wp\/v2\/pages\/16726","targetHints":{"allow":["GET"]}}],"collection":[{"href":"https:\/\/www.vafoods.eu\/fr\/wp-json\/wp\/v2\/pages"}],"about":[{"href":"https:\/\/www.vafoods.eu\/fr\/wp-json\/wp\/v2\/types\/page"}],"author":[{"embeddable":true,"href":"https:\/\/www.vafoods.eu\/fr\/wp-json\/wp\/v2\/users\/3"}],"replies":[{"embeddable":true,"href":"https:\/\/www.vafoods.eu\/fr\/wp-json\/wp\/v2\/comments?post=16726"}],"version-history":[{"count":2,"href":"https:\/\/www.vafoods.eu\/fr\/wp-json\/wp\/v2\/pages\/16726\/revisions"}],"predecessor-version":[{"id":16733,"href":"https:\/\/www.vafoods.eu\/fr\/wp-json\/wp\/v2\/pages\/16726\/revisions\/16733"}],"wp:attachment":[{"href":"https:\/\/www.vafoods.eu\/fr\/wp-json\/wp\/v2\/media?parent=16726"}],"wp:term":[{"taxonomy":"category","embeddable":true,"href":"https:\/\/www.vafoods.eu\/fr\/wp-json\/wp\/v2\/categories?post=16726"},{"taxonomy":"post_tag","embeddable":true,"href":"https:\/\/www.vafoods.eu\/fr\/wp-json\/wp\/v2\/tags?post=16726"}],"curies":[{"name":"wp","href":"https:\/\/api.w.org\/{rel}","templated":true}]}}