{"id":16672,"date":"2023-03-16T09:19:55","date_gmt":"2023-03-16T08:19:55","guid":{"rendered":"https:\/\/www.vafoods.eu\/asbl-ledenpas\/"},"modified":"2026-03-20T12:19:55","modified_gmt":"2026-03-20T11:19:55","slug":"sbc-passe-membre","status":"publish","type":"page","link":"https:\/\/www.vafoods.eu\/fr\/sbc-passe-membre\/","title":{"rendered":"SBC Passe membre"},"content":{"rendered":"\n<p>Vous \u00eates membre de la Soci\u00e9t\u00e9 belge de la C\u0153liaquie et vous avez une carte de membre ? Ensuite, vous recevrez <strong>une remise unique de 10\u00a0%<\/strong>\u00a0sur vos achats dans notre boutique en ligne. Utilisez le code sp\u00e9cial pour les membres ASBL \u00e0 la caisse.<\/p>\n<p><img loading=\"lazy\" decoding=\"async\" class=\"alignnone size-full wp-image-16657\" src=\"https:\/\/www.vafoods.eu\/wp-content\/uploads\/2023\/03\/cropped-LOGO-Couleur-fond.blanc-Soc.-Belge-de-La-Coeliaquie-e1605601034872.jpg\" alt=\"\" width=\"200\" height=\"200\" \/><\/p>\n","protected":false},"excerpt":{"rendered":"<p>Vous \u00eates membre de la Soci\u00e9t\u00e9 belge de la C\u0153liaquie et vous avez une carte de membre ? Ensuite, vous recevrez une remise unique de 10\u00a0%\u00a0sur vos achats dans notre boutique en ligne. Utilisez le code sp\u00e9cial pour les membres ASBL \u00e0 la caisse.<\/p>\n","protected":false},"author":3,"featured_media":0,"parent":0,"menu_order":13,"comment_status":"closed","ping_status":"closed","template":"","meta":{"_acf_changed":false,"footnotes":""},"categories":[],"tags":[],"class_list":["post-16672","page","type-page","status-publish","hentry"],"acf":[],"_links":{"self":[{"href":"https:\/\/www.vafoods.eu\/fr\/wp-json\/wp\/v2\/pages\/16672","targetHints":{"allow":["GET"]}}],"collection":[{"href":"https:\/\/www.vafoods.eu\/fr\/wp-json\/wp\/v2\/pages"}],"about":[{"href":"https:\/\/www.vafoods.eu\/fr\/wp-json\/wp\/v2\/types\/page"}],"author":[{"embeddable":true,"href":"https:\/\/www.vafoods.eu\/fr\/wp-json\/wp\/v2\/users\/3"}],"replies":[{"embeddable":true,"href":"https:\/\/www.vafoods.eu\/fr\/wp-json\/wp\/v2\/comments?post=16672"}],"version-history":[{"count":3,"href":"https:\/\/www.vafoods.eu\/fr\/wp-json\/wp\/v2\/pages\/16672\/revisions"}],"predecessor-version":[{"id":25684,"href":"https:\/\/www.vafoods.eu\/fr\/wp-json\/wp\/v2\/pages\/16672\/revisions\/25684"}],"wp:attachment":[{"href":"https:\/\/www.vafoods.eu\/fr\/wp-json\/wp\/v2\/media?parent=16672"}],"wp:term":[{"taxonomy":"category","embeddable":true,"href":"https:\/\/www.vafoods.eu\/fr\/wp-json\/wp\/v2\/categories?post=16672"},{"taxonomy":"post_tag","embeddable":true,"href":"https:\/\/www.vafoods.eu\/fr\/wp-json\/wp\/v2\/tags?post=16672"}],"curies":[{"name":"wp","href":"https:\/\/api.w.org\/{rel}","templated":true}]}}