{"id":14246,"date":"2016-08-08T12:31:20","date_gmt":"2016-08-08T10:31:20","guid":{"rendered":"https:\/\/www.vafoods.eu\/reclame-materiaal\/"},"modified":"2022-08-02T10:30:23","modified_gmt":"2022-08-02T08:30:23","slug":"reclame-materiaal","status":"publish","type":"page","link":"https:\/\/www.vafoods.eu\/fr\/reclame-materiaal\/","title":{"rendered":"Mat\u00e9riel promotionnel"},"content":{"rendered":"<p>VA Foods dispose de divers supports publicitaires et promotionnels, tels que des d\u00e9pliants, des affiches, des photos d&rsquo;ambiance, etc. \u00cates-vous int\u00e9ress\u00e9 par du mat\u00e9riel publicitaire et\/ou promotionnel ? Cliquez sur le bouton ci-dessous.<\/p>\n<p style=\"text-align: center;\" data-tadv-p=\"keep\"><a class=\"maxbutton-2 maxbutton maxbutton-lees-verder-button\" target=\"_blank\" rel=\"noopener\" href=\"https:\/\/www.vafoods.eu\/fr\/contact\/\"><span class='mb-text'>Mat\u00e9riel publicitaire<\/span><\/a><\/p>\n","protected":false},"excerpt":{"rendered":"<p>VA Foods dispose de divers supports publicitaires et promotionnels, tels que des d\u00e9pliants, des affiches, des photos d&rsquo;ambiance, etc. \u00cates-vous int\u00e9ress\u00e9 par du mat\u00e9riel publicitaire et\/ou promotionnel ? Cliquez sur le bouton ci-dessous.<\/p>\n","protected":false},"author":1,"featured_media":0,"parent":0,"menu_order":66,"comment_status":"closed","ping_status":"closed","template":"","meta":{"_acf_changed":false,"footnotes":""},"categories":[],"tags":[],"class_list":["post-14246","page","type-page","status-publish","hentry"],"acf":[],"_links":{"self":[{"href":"https:\/\/www.vafoods.eu\/fr\/wp-json\/wp\/v2\/pages\/14246","targetHints":{"allow":["GET"]}}],"collection":[{"href":"https:\/\/www.vafoods.eu\/fr\/wp-json\/wp\/v2\/pages"}],"about":[{"href":"https:\/\/www.vafoods.eu\/fr\/wp-json\/wp\/v2\/types\/page"}],"author":[{"embeddable":true,"href":"https:\/\/www.vafoods.eu\/fr\/wp-json\/wp\/v2\/users\/1"}],"replies":[{"embeddable":true,"href":"https:\/\/www.vafoods.eu\/fr\/wp-json\/wp\/v2\/comments?post=14246"}],"version-history":[{"count":4,"href":"https:\/\/www.vafoods.eu\/fr\/wp-json\/wp\/v2\/pages\/14246\/revisions"}],"predecessor-version":[{"id":14262,"href":"https:\/\/www.vafoods.eu\/fr\/wp-json\/wp\/v2\/pages\/14246\/revisions\/14262"}],"wp:attachment":[{"href":"https:\/\/www.vafoods.eu\/fr\/wp-json\/wp\/v2\/media?parent=14246"}],"wp:term":[{"taxonomy":"category","embeddable":true,"href":"https:\/\/www.vafoods.eu\/fr\/wp-json\/wp\/v2\/categories?post=14246"},{"taxonomy":"post_tag","embeddable":true,"href":"https:\/\/www.vafoods.eu\/fr\/wp-json\/wp\/v2\/tags?post=14246"}],"curies":[{"name":"wp","href":"https:\/\/api.w.org\/{rel}","templated":true}]}}