{"id":44,"date":"2016-05-13T08:19:26","date_gmt":"2016-05-13T06:19:26","guid":{"rendered":"http:\/\/www.vafoods.eu\/de\/?page_id=44"},"modified":"2022-07-26T14:35:29","modified_gmt":"2022-07-26T12:35:29","slug":"voorbeeld-pagina-de","status":"publish","type":"page","link":"https:\/\/www.vafoods.eu\/de\/","title":{"rendered":"Verbraucher"},"content":{"rendered":"<p>Gesundes Essen ist gut f\u00fcr K\u00f6rper und Seele. Wann sollte ein gesundes Leben zu genie\u00dfen. Und zu genie\u00dfen h\u00f6ren, gelegentlich etwas Leckeres. Aber in der Regel ist dies nicht offensichtlich. Geschmacksverst\u00e4rker, ein hohes Ma\u00df an Salz und Zucker, Konservierungsmittel und Farbstoffe immer lauern.<\/p>\n<p>VA Foods kann mit nur hochwertige und so viele m\u00f6glichst frisch und reine Zutaten, Geschmacksverst\u00e4rker, Konservierungsmittel und Farbstoffe zu vermeiden so weit wie m\u00f6glich. Viele werden ein wahres Geschmackserlebnis noch einmal zu erleben.<\/p>\n<p>Wie kann man Naschen mit Zuversicht oder genie\u00dfen Sie ein Sandwich?<\/p>\n<p>Mit den Produkten von VA Foods kein Risiko, weil sie alle erf\u00fcllen die international anerkannten VITAL-2-Standard. So sind die Produkte frei von Gluten, Laktose, Erdn\u00fcsse, N\u00fcsse und andere gemeinsame Allergene. Dies erm\u00f6glicht es jedermann, um eine leckere Kroketten zu genie\u00dfen, mit oder ohne Allergie oder Intoleranz.<\/p>\n<p>VA Foods glaubt, dass das Essen ist eine soziale Angelegenheit. Es gibt auch Produkte f\u00fcr Vegetarier und Veganer. Lecker und das gemeinsame Essen ist nun wieder m\u00f6glich. Erst dann sind Sie sicher, es ist okay. Sie k\u00f6nnen sich keine Sorgen genie\u00dfen einem Krocket, Fleischrolle, Bl\u00e4tterteig, Ragout \/ vol au vent oder Brot.<\/p>\n<p>W\u00e4hlen Sie bewusst. W\u00e4hlen VA Foods, da die Lebensmittelsicherheit ist eine Grundvoraussetzung.<\/p>\n","protected":false},"excerpt":{"rendered":"<p>Gesundes Essen ist gut f\u00fcr K\u00f6rper und Seele. Wann sollte ein gesundes Leben zu genie\u00dfen. Und zu genie\u00dfen h\u00f6ren, gelegentlich etwas Leckeres. Aber in der Regel ist dies nicht offensichtlich. Geschmacksverst\u00e4rker, ein hohes Ma\u00df an Salz und Zucker, Konservierungsmittel und Farbstoffe immer lauern. VA Foods kann mit nur hochwertige und so viele m\u00f6glichst frisch und [&hellip;]<\/p>\n","protected":false},"author":1,"featured_media":0,"parent":0,"menu_order":89,"comment_status":"closed","ping_status":"open","template":"","meta":{"_acf_changed":false,"footnotes":""},"categories":[],"tags":[],"class_list":["post-44","page","type-page","status-publish","hentry"],"acf":[],"_links":{"self":[{"href":"https:\/\/www.vafoods.eu\/de\/wp-json\/wp\/v2\/pages\/44","targetHints":{"allow":["GET"]}}],"collection":[{"href":"https:\/\/www.vafoods.eu\/de\/wp-json\/wp\/v2\/pages"}],"about":[{"href":"https:\/\/www.vafoods.eu\/de\/wp-json\/wp\/v2\/types\/page"}],"author":[{"embeddable":true,"href":"https:\/\/www.vafoods.eu\/de\/wp-json\/wp\/v2\/users\/1"}],"replies":[{"embeddable":true,"href":"https:\/\/www.vafoods.eu\/de\/wp-json\/wp\/v2\/comments?post=44"}],"version-history":[{"count":3,"href":"https:\/\/www.vafoods.eu\/de\/wp-json\/wp\/v2\/pages\/44\/revisions"}],"predecessor-version":[{"id":13914,"href":"https:\/\/www.vafoods.eu\/de\/wp-json\/wp\/v2\/pages\/44\/revisions\/13914"}],"wp:attachment":[{"href":"https:\/\/www.vafoods.eu\/de\/wp-json\/wp\/v2\/media?parent=44"}],"wp:term":[{"taxonomy":"category","embeddable":true,"href":"https:\/\/www.vafoods.eu\/de\/wp-json\/wp\/v2\/categories?post=44"},{"taxonomy":"post_tag","embeddable":true,"href":"https:\/\/www.vafoods.eu\/de\/wp-json\/wp\/v2\/tags?post=44"}],"curies":[{"name":"wp","href":"https:\/\/api.w.org\/{rel}","templated":true}]}}