{"id":384,"date":"2016-07-11T15:50:16","date_gmt":"2016-07-11T13:50:16","guid":{"rendered":"http:\/\/www.vafoods.eu\/de\/?page_id=384"},"modified":"2016-08-22T20:26:23","modified_gmt":"2016-08-22T18:26:23","slug":"kontakt","status":"publish","type":"page","link":"https:\/\/www.vafoods.eu\/de\/kontakt\/","title":{"rendered":"Kontakt"},"content":{"rendered":"<script type=\"text\/javascript\">\n\/* <![CDATA[ *\/\nvar gform;gform||(document.addEventListener(\"gform_main_scripts_loaded\",function(){gform.scriptsLoaded=!0}),document.addEventListener(\"gform\/theme\/scripts_loaded\",function(){gform.themeScriptsLoaded=!0}),window.addEventListener(\"DOMContentLoaded\",function(){gform.domLoaded=!0}),gform={domLoaded:!1,scriptsLoaded:!1,themeScriptsLoaded:!1,isFormEditor:()=>\"function\"==typeof InitializeEditor,callIfLoaded:function(o){return!(!gform.domLoaded||!gform.scriptsLoaded||!gform.themeScriptsLoaded&&!gform.isFormEditor()||(gform.isFormEditor()&&console.warn(\"The use of gform.initializeOnLoaded() is deprecated in the form editor context and will be removed in Gravity Forms 3.1.\"),o(),0))},initializeOnLoaded:function(o){gform.callIfLoaded(o)||(document.addEventListener(\"gform_main_scripts_loaded\",()=>{gform.scriptsLoaded=!0,gform.callIfLoaded(o)}),document.addEventListener(\"gform\/theme\/scripts_loaded\",()=>{gform.themeScriptsLoaded=!0,gform.callIfLoaded(o)}),window.addEventListener(\"DOMContentLoaded\",()=>{gform.domLoaded=!0,gform.callIfLoaded(o)}))},hooks:{action:{},filter:{}},addAction:function(o,r,e,t){gform.addHook(\"action\",o,r,e,t)},addFilter:function(o,r,e,t){gform.addHook(\"filter\",o,r,e,t)},doAction:function(o){gform.doHook(\"action\",o,arguments)},applyFilters:function(o){return gform.doHook(\"filter\",o,arguments)},removeAction:function(o,r){gform.removeHook(\"action\",o,r)},removeFilter:function(o,r,e){gform.removeHook(\"filter\",o,r,e)},addHook:function(o,r,e,t,n){null==gform.hooks[o][r]&&(gform.hooks[o][r]=[]);var d=gform.hooks[o][r];null==n&&(n=r+\"_\"+d.length),gform.hooks[o][r].push({tag:n,callable:e,priority:t=null==t?10:t})},doHook:function(r,o,e){var t;if(e=Array.prototype.slice.call(e,1),null!=gform.hooks[r][o]&&((o=gform.hooks[r][o]).sort(function(o,r){return o.priority-r.priority}),o.forEach(function(o){\"function\"!=typeof(t=o.callable)&&(t=window[t]),\"action\"==r?t.apply(null,e):e[0]=t.apply(null,e)})),\"filter\"==r)return e[0]},removeHook:function(o,r,t,n){var e;null!=gform.hooks[o][r]&&(e=(e=gform.hooks[o][r]).filter(function(o,r,e){return!!(null!=n&&n!=o.tag||null!=t&&t!=o.priority)}),gform.hooks[o][r]=e)}});\n\/* ]]> *\/\n<\/script>\n\n                <div class='gf_browser_gecko gform_wrapper gform_legacy_markup_wrapper gform-theme--no-framework' data-form-theme='legacy' data-form-index='0' id='gform_wrapper_7' ><div id='gf_7' class='gform_anchor' tabindex='-1'><\/div><form method='post' enctype='multipart\/form-data' target='gform_ajax_frame_7' id='gform_7'  action='\/de\/wp-json\/wp\/v2\/pages\/384#gf_7' data-formid='7' novalidate><div class='gf_invisible ginput_recaptchav3' data-sitekey='6LcG6RQsAAAAAMZZUCUtuBo9qj0j78C4tYrd7kUO' data-tabindex='0'><input id=\"input_cd9dd5320020fefeee61b975273695e9\" class=\"gfield_recaptcha_response\" type=\"hidden\" name=\"input_cd9dd5320020fefeee61b975273695e9\" value=\"\"\/><\/div> \r\n <input type='hidden' class='gforms-pum' value='{\"closepopup\":false,\"closedelay\":0,\"openpopup\":false,\"openpopup_id\":0}' \/>\n                        <div class='gform-body gform_body'><ul id='gform_fields_7' class='gform_fields top_label form_sublabel_below description_below validation_below'><li id=\"field_7_7\" class=\"gfield gfield--type-radio gfield--type-choice clear-fix col-xs-12 gf_list_inline gfield_contains_required field_sublabel_below gfield--no-description field_description_below hidden_label field_validation_below gfield_visibility_visible\"  ><label class='gfield_label gform-field-label' >Wahlen<span class=\"gfield_required\"><span class=\"gfield_required gfield_required_asterisk\">*<\/span><\/span><\/label><div class='ginput_container ginput_container_radio'><ul class='gfield_radio' id='input_7_7'>\n\t\t\t<li class='gchoice gchoice_7_7_0'>\n\t\t\t\t<input name='input_7' type='radio' value='Privat'  id='choice_7_7_0'    \/>\n\t\t\t\t<label for='choice_7_7_0' id='label_7_7_0' class='gform-field-label gform-field-label--type-inline'>Privat<\/label>\n\t\t\t<\/li>\n\t\t\t<li class='gchoice gchoice_7_7_1'>\n\t\t\t\t<input name='input_7' type='radio' value='Gesch\u00e4ft'  id='choice_7_7_1'    \/>\n\t\t\t\t<label for='choice_7_7_1' id='label_7_7_1' class='gform-field-label gform-field-label--type-inline'>Gesch\u00e4ft<\/label>\n\t\t\t<\/li><\/ul><\/div><\/li><li id=\"field_7_1\" class=\"gfield gfield--type-text clear-fix col-xs-12 col-sm-12 col-md-6 col-lg-6 gfield_contains_required field_sublabel_below gfield--no-description field_description_below hidden_label field_validation_below gfield_visibility_visible\"  ><label class='gfield_label gform-field-label' for='input_7_1'>Vorname*<span class=\"gfield_required\"><span class=\"gfield_required gfield_required_asterisk\">*<\/span><\/span><\/label><div class='ginput_container ginput_container_text'><input name='input_1' id='input_7_1' type='text' value='' class='large'    placeholder='Vorname*' aria-required=\"true\" aria-invalid=\"false\"   \/><\/div><\/li><li id=\"field_7_2\" class=\"gfield gfield--type-text col-xs-12 col-sm-12 col-md-6 col-lg-6 gfield_contains_required field_sublabel_below gfield--no-description field_description_below hidden_label field_validation_below gfield_visibility_visible\"  ><label class='gfield_label gform-field-label' for='input_7_2'>Nachname*<span class=\"gfield_required\"><span class=\"gfield_required gfield_required_asterisk\">*<\/span><\/span><\/label><div class='ginput_container ginput_container_text'><input name='input_2' id='input_7_2' type='text' value='' class='large'    placeholder='Nachname*' aria-required=\"true\" aria-invalid=\"false\"   \/><\/div><\/li><li id=\"field_7_8\" class=\"gfield gfield--type-text clear-fix col-xs-12 gfield_contains_required field_sublabel_below gfield--no-description field_description_below hidden_label field_validation_below gfield_visibility_visible\"  ><label class='gfield_label gform-field-label' for='input_7_8'>Adresse<span class=\"gfield_required\"><span class=\"gfield_required gfield_required_asterisk\">*<\/span><\/span><\/label><div class='ginput_container ginput_container_text'><input name='input_8' id='input_7_8' type='text' value='' class='large'    placeholder='Stra\u00dfe + Hausnummer' aria-required=\"true\" aria-invalid=\"false\"   \/><\/div><\/li><li id=\"field_7_9\" class=\"gfield gfield--type-text clear-fix col-xs-12 col-sm-12 col-md-4 col-lg-4 gfield_contains_required field_sublabel_below gfield--no-description field_description_below hidden_label field_validation_below gfield_visibility_visible\"  ><label class='gfield_label gform-field-label' for='input_7_9'>Postleitzahl<span class=\"gfield_required\"><span class=\"gfield_required gfield_required_asterisk\">*<\/span><\/span><\/label><div class='ginput_container ginput_container_text'><input name='input_9' id='input_7_9' type='text' value='' class='large'    placeholder='Postleitzahl' aria-required=\"true\" aria-invalid=\"false\"   \/><\/div><\/li><li id=\"field_7_10\" class=\"gfield gfield--type-text col-xs-12 col-sm-12 col-md-8 col-lg-8 gfield_contains_required field_sublabel_below gfield--no-description field_description_below hidden_label field_validation_below gfield_visibility_visible\"  ><label class='gfield_label gform-field-label' for='input_7_10'>Platz<span class=\"gfield_required\"><span class=\"gfield_required gfield_required_asterisk\">*<\/span><\/span><\/label><div class='ginput_container ginput_container_text'><input name='input_10' id='input_7_10' type='text' value='' class='large'    placeholder='Platz' aria-required=\"true\" aria-invalid=\"false\"   \/><\/div><\/li><li id=\"field_7_15\" class=\"gfield gfield--type-text col-xs-12 col-sm-12 col-md-8 col-lg-8 gfield_contains_required field_sublabel_below gfield--no-description field_description_below hidden_label field_validation_below gfield_visibility_visible\"  ><label class='gfield_label gform-field-label' for='input_7_15'>Land<span class=\"gfield_required\"><span class=\"gfield_required gfield_required_asterisk\">*<\/span><\/span><\/label><div class='ginput_container ginput_container_text'><input name='input_15' id='input_7_15' type='text' value='' class='large'    placeholder='Land*' aria-required=\"true\" aria-invalid=\"false\"   \/><\/div><\/li><li id=\"field_7_4\" class=\"gfield gfield--type-email clear-fix col-xs-12 col-sm-12 col-md-12 col-lg-12 gfield_contains_required field_sublabel_below gfield--no-description field_description_below hidden_label field_validation_below gfield_visibility_visible\"  ><label class='gfield_label gform-field-label gfield_label_before_complex' >E-mailadres<span class=\"gfield_required\"><span class=\"gfield_required gfield_required_asterisk\">*<\/span><\/span><\/label><div class='ginput_complex ginput_container ginput_container_email gform-grid-row' id='input_7_4_container'>\n                                <span id='input_7_4_1_container' class='ginput_left gform-grid-col gform-grid-col--size-auto'>\n                                    <input class='' type='email' name='input_4' id='input_7_4' value=''   placeholder='name@e-mail.de*' aria-required=\"true\" aria-invalid=\"false\"  \/>\n                                    <label for='input_7_4' class='gform-field-label gform-field-label--type-sub '>E-Mail eingeben<\/label>\n                                <\/span>\n                                <span id='input_7_4_2_container' class='ginput_right gform-grid-col gform-grid-col--size-auto'>\n                                    <input class='' type='email' name='input_4_2' id='input_7_4_2' value=''   placeholder='name@e-mail.de*' aria-required=\"true\" aria-invalid=\"false\"  \/>\n                                    <label for='input_7_4_2' class='gform-field-label gform-field-label--type-sub '>E-Mail best\u00e4tigen<\/label>\n                                <\/span>\n                                <div class='gf_clear gf_clear_complex'><\/div>\n                            <\/div><\/li><li id=\"field_7_3\" class=\"gfield gfield--type-text clear-fix col-xs-12 col-sm-12 col-md-6 col-lg-6 field_sublabel_below gfield--no-description field_description_below hidden_label field_validation_below gfield_visibility_visible\"  ><label class='gfield_label gform-field-label' for='input_7_3'>Telefonnummer<\/label><div class='ginput_container ginput_container_text'><input name='input_3' id='input_7_3' type='text' value='' class='large'    placeholder='Telefonnummer'  aria-invalid=\"false\"   \/><\/div><\/li><li id=\"field_7_13\" class=\"gfield gfield--type-html clear-fix col-xs-12 gfield_html gfield_html_formatted gfield_no_follows_desc field_sublabel_below gfield--no-description field_description_below field_validation_below gfield_visibility_visible\"  ><br\/ ><\/li><li id=\"field_7_6\" class=\"gfield gfield--type-select clear-fix col-xs-12 col-sm-12 col-md-12 col-lg-12 field_sublabel_below gfield--no-description field_description_below hidden_label field_validation_below gfield_visibility_visible\"  ><label class='gfield_label gform-field-label' for='input_7_6'>Thema<\/label><div class='ginput_container ginput_container_select'><select name='input_6' id='input_7_6' class='large gfield_select'     aria-invalid=\"false\" ><option value='' selected='selected' class='gf_placeholder'>Thema<\/option><option value='Frage \/ Kommentar' >Frage \/ Kommentar<\/option><option value='Kompliment' >Kompliment<\/option><option value='Kontakt (Unternehmen, Stiftungen, Verb\u00e4nde)' >Kontakt (Unternehmen, Stiftungen, Verb\u00e4nde)<\/option><option value='Anregubgeb \/ Ideen' >Anregubgeb \/ Ideen<\/option><option value='Potenzial verkaufpunkt' >Potenzial verkaufpunkt<\/option><option value='Beschwerde' >Beschwerde<\/option><\/select><\/div><\/li><li id=\"field_7_5\" class=\"gfield gfield--type-textarea clear-fix col-xs-12 gfield_contains_required field_sublabel_below gfield--no-description field_description_below hidden_label field_validation_below gfield_visibility_visible\"  ><label class='gfield_label gform-field-label' for='input_7_5'>Nachricht<span class=\"gfield_required\"><span class=\"gfield_required gfield_required_asterisk\">*<\/span><\/span><\/label><div class='ginput_container ginput_container_textarea'><textarea name='input_5' id='input_7_5' class='textarea medium'    placeholder='Nachricht*' aria-required=\"true\" aria-invalid=\"false\"   rows='10' cols='50'><\/textarea><\/div><\/li><li id=\"field_7_14\" class=\"gfield gfield--type-html clear-fix col-xs-12 gfield_html gfield_html_formatted gfield_no_follows_desc field_sublabel_below gfield--no-description field_description_below field_validation_below gfield_visibility_visible\"  ><p>Die mit * gekennzeichneten Felder m\u00fcssen Wir zumindest haben, um Sie so viel wie m\u00f6glich zu helfen. Wir nutzen Ihre Informationen nicht unaufgefordert f\u00fcr andere Zwecke. Lesen Sie unsere <a href=\"http:\/\/www.vafoods.eu\/privacybeleid\/\">privacy<\/a>.<\/p><br\/ ><\/li><li id=\"field_7_16\" class=\"gfield gfield--type-captcha clear-fix col-xs-12 col-sm-12 col-md-12 col-lg-12 field_sublabel_below gfield--no-description field_description_below hidden_label field_validation_below gfield_visibility_visible\"  ><label class='gfield_label gform-field-label' for='input_7_16'>CAPTCHA<\/label><div id='input_7_16' class='ginput_container ginput_recaptcha' data-sitekey='6Lfg7BQsAAAAAL5zIgTnvBetMLkXiGQjWZr2yDuD'  data-theme='light' data-tabindex='-1' data-size='invisible' data-badge='bottomright'><\/div><\/li><\/ul><\/div>\n        <div class='gform-footer gform_footer top_label'> <input type='submit' id='gform_submit_button_7' class='gform_button button' onclick='gform.submission.handleButtonClick(this);' data-submission-type='submit' value='Senden'  \/> <input type='hidden' name='gform_ajax' value='form_id=7&amp;title=&amp;description=&amp;tabindex=0&amp;theme=legacy&amp;styles=[]&amp;hash=e970aa47b1dc68530745d1839bddeb2f' \/>\n            <input type='hidden' class='gform_hidden' name='gform_submission_method' data-js='gform_submission_method_7' value='iframe' \/>\n            <input type='hidden' class='gform_hidden' name='gform_theme' data-js='gform_theme_7' id='gform_theme_7' value='legacy' \/>\n            <input type='hidden' class='gform_hidden' name='gform_style_settings' data-js='gform_style_settings_7' id='gform_style_settings_7' value='[]' \/>\n            <input type='hidden' class='gform_hidden' name='is_submit_7' value='1' \/>\n            <input type='hidden' class='gform_hidden' name='gform_submit' value='7' \/>\n            \n            <input type='hidden' class='gform_hidden' name='gform_unique_id' value='' \/>\n            <input type='hidden' class='gform_hidden' name='state_7' value='WyJbXSIsIjg4ODBhY2IwODZjYjM0M2YyY2VhYjBlOWFjYTY3NGZmIl0=' \/>\n            <input type='hidden' autocomplete='off' class='gform_hidden' name='gform_target_page_number_7' id='gform_target_page_number_7' value='0' \/>\n            <input type='hidden' autocomplete='off' class='gform_hidden' name='gform_source_page_number_7' id='gform_source_page_number_7' value='1' \/>\n            <input type='hidden' name='gform_field_values' value='' \/>\n            \n        <\/div>\n                        <\/form>\n                        <\/div>\n\t\t                <iframe style='display:none;width:0px;height:0px;' src='about:blank' name='gform_ajax_frame_7' id='gform_ajax_frame_7' title='Dieser iframe enth\u00e4lt die erforderliche Logik um Gravity Forms Formulare mit AJAX zu handhaben.'><\/iframe>\n\t\t                <script type=\"text\/javascript\">\n\/* <![CDATA[ *\/\n gform.initializeOnLoaded( function() {gformInitSpinner( 7, 'https:\/\/www.vafoods.eu\/wp-content\/plugins\/gravityforms\/images\/spinner.svg', true );jQuery('#gform_ajax_frame_7').on('load',function(){var contents = jQuery(this).contents().find('*').html();var is_postback = contents.indexOf('GF_AJAX_POSTBACK') >= 0;if(!is_postback){return;}var form_content = jQuery(this).contents().find('#gform_wrapper_7');var is_confirmation = jQuery(this).contents().find('#gform_confirmation_wrapper_7').length > 0;var is_redirect = contents.indexOf('gformRedirect(){') >= 0;var is_form = form_content.length > 0 && ! is_redirect && ! is_confirmation;var mt = parseInt(jQuery('html').css('margin-top'), 10) + parseInt(jQuery('body').css('margin-top'), 10) + 100;if(is_form){jQuery('#gform_wrapper_7').html(form_content.html());if(form_content.hasClass('gform_validation_error')){jQuery('#gform_wrapper_7').addClass('gform_validation_error');} else {jQuery('#gform_wrapper_7').removeClass('gform_validation_error');}setTimeout( function() { \/* delay the scroll by 50 milliseconds to fix a bug in chrome *\/ jQuery(document).scrollTop(jQuery('#gform_wrapper_7').offset().top - mt); }, 50 );if(window['gformInitDatepicker']) {gformInitDatepicker();}if(window['gformInitPriceFields']) {gformInitPriceFields();}var current_page = jQuery('#gform_source_page_number_7').val();gformInitSpinner( 7, 'https:\/\/www.vafoods.eu\/wp-content\/plugins\/gravityforms\/images\/spinner.svg', true );jQuery(document).trigger('gform_page_loaded', [7, current_page]);window['gf_submitting_7'] = false;}else if(!is_redirect){var confirmation_content = jQuery(this).contents().find('.GF_AJAX_POSTBACK').html();if(!confirmation_content){confirmation_content = contents;}jQuery('#gform_wrapper_7').replaceWith(confirmation_content);jQuery(document).scrollTop(jQuery('#gf_7').offset().top - mt);jQuery(document).trigger('gform_confirmation_loaded', [7]);window['gf_submitting_7'] = false;wp.a11y.speak(jQuery('#gform_confirmation_message_7').text());}else{jQuery('#gform_7').append(contents);if(window['gformRedirect']) {gformRedirect();}}jQuery(document).trigger(\"gform_pre_post_render\", [{ formId: \"7\", currentPage: \"current_page\", abort: function() { this.preventDefault(); } }]);        if (event && event.defaultPrevented) {                return;        }        const gformWrapperDiv = document.getElementById( \"gform_wrapper_7\" );        if ( gformWrapperDiv ) {            const visibilitySpan = document.createElement( \"span\" );            visibilitySpan.id = \"gform_visibility_test_7\";            gformWrapperDiv.insertAdjacentElement( \"afterend\", visibilitySpan );        }        const visibilityTestDiv = document.getElementById( \"gform_visibility_test_7\" );        let postRenderFired = false;        function triggerPostRender() {            if ( postRenderFired ) {                return;            }            postRenderFired = true;            gform.core.triggerPostRenderEvents( 7, current_page );            if ( visibilityTestDiv ) {                visibilityTestDiv.parentNode.removeChild( visibilityTestDiv );            }        }        function debounce( func, wait, immediate ) {            var timeout;            return function() {                var context = this, args = arguments;                var later = function() {                    timeout = null;                    if ( !immediate ) func.apply( context, args );                };                var callNow = immediate && !timeout;                clearTimeout( timeout );                timeout = setTimeout( later, wait );                if ( callNow ) func.apply( context, args );            };        }        const debouncedTriggerPostRender = debounce( function() {            triggerPostRender();        }, 200 );        if ( visibilityTestDiv && visibilityTestDiv.offsetParent === null ) {            const observer = new MutationObserver( ( mutations ) => {                mutations.forEach( ( mutation ) => {                    if ( mutation.type === 'attributes' && visibilityTestDiv.offsetParent !== null ) {                        debouncedTriggerPostRender();                        observer.disconnect();                    }                });            });            observer.observe( document.body, {                attributes: true,                childList: false,                subtree: true,                attributeFilter: [ 'style', 'class' ],            });        } else {            triggerPostRender();        }    } );} ); \n\/* ]]> *\/\n<\/script>\n\n","protected":false},"excerpt":{"rendered":"","protected":false},"author":1,"featured_media":0,"parent":0,"menu_order":69,"comment_status":"closed","ping_status":"closed","template":"page-templates\/page-contact.php","meta":{"_acf_changed":false,"footnotes":""},"categories":[29],"tags":[],"class_list":["post-384","page","type-page","status-publish","hentry","category-va-foods-faq-de"],"acf":[],"_links":{"self":[{"href":"https:\/\/www.vafoods.eu\/de\/wp-json\/wp\/v2\/pages\/384","targetHints":{"allow":["GET"]}}],"collection":[{"href":"https:\/\/www.vafoods.eu\/de\/wp-json\/wp\/v2\/pages"}],"about":[{"href":"https:\/\/www.vafoods.eu\/de\/wp-json\/wp\/v2\/types\/page"}],"author":[{"embeddable":true,"href":"https:\/\/www.vafoods.eu\/de\/wp-json\/wp\/v2\/users\/1"}],"replies":[{"embeddable":true,"href":"https:\/\/www.vafoods.eu\/de\/wp-json\/wp\/v2\/comments?post=384"}],"version-history":[{"count":3,"href":"https:\/\/www.vafoods.eu\/de\/wp-json\/wp\/v2\/pages\/384\/revisions"}],"predecessor-version":[{"id":1151,"href":"https:\/\/www.vafoods.eu\/de\/wp-json\/wp\/v2\/pages\/384\/revisions\/1151"}],"wp:attachment":[{"href":"https:\/\/www.vafoods.eu\/de\/wp-json\/wp\/v2\/media?parent=384"}],"wp:term":[{"taxonomy":"category","embeddable":true,"href":"https:\/\/www.vafoods.eu\/de\/wp-json\/wp\/v2\/categories?post=384"},{"taxonomy":"post_tag","embeddable":true,"href":"https:\/\/www.vafoods.eu\/de\/wp-json\/wp\/v2\/tags?post=384"}],"curies":[{"name":"wp","href":"https:\/\/api.w.org\/{rel}","templated":true}]}}