{"id":16727,"date":"2023-02-06T14:21:36","date_gmt":"2023-02-06T13:21:36","guid":{"rendered":"https:\/\/www.vafoods.eu\/bereidingsadvies\/"},"modified":"2023-03-23T13:10:15","modified_gmt":"2023-03-23T12:10:15","slug":"bereidingsadvies","status":"publish","type":"page","link":"https:\/\/www.vafoods.eu\/de\/bereidingsadvies\/","title":{"rendered":"Zubereitungstipps"},"content":{"rendered":"\n<p>Nachfolgend finden Sie die Zubereitungshinweise. Bitte beachten Sie: Die angegebenen Zeiten sind Durchschnittswerte. Diese k\u00f6nnen geringf\u00fcgig abweichen.<\/p>\n<table style=\"border-collapse: collapse; width: 70.119048%; height: 415px;\">\n<tbody>\n<tr style=\"height: 69px;\">\n<td style=\"width: 70.119047%; height: 69px;\" colspan=\"3\">\n<h3><strong>Friteuse<\/strong><\/h3>\n<\/td>\n<\/tr>\n<tr style=\"height: 23px;\">\n<td style=\"width: 35.421415%; height: 23px;\"><strong>Produkt<\/strong><\/td>\n<td style=\"width: 16.766109%; height: 23px;\"><strong>Zeit<\/strong><\/td>\n<td style=\"width: 17.931523%; height: 23px;\"><strong>Temperatur<\/strong><\/td>\n<\/tr>\n<tr style=\"height: 23px;\">\n<td style=\"width: 35.421415%; height: 23px;\">Rindfleisch-Kroketten<\/td>\n<td style=\"width: 16.766109%; height: 23px;\">7 min.<\/td>\n<td style=\"width: 17.931523%; height: 23px;\">170 \u00baC<\/td>\n<\/tr>\n<tr style=\"height: 23px;\">\n<td style=\"width: 35.421415%; height: 23px;\">Rindfleisch-Bitterb\u00e4llchen<\/td>\n<td style=\"width: 16.766109%; height: 23px;\">4 min.<\/td>\n<td style=\"width: 17.931523%; height: 23px;\">170 \u00baC<\/td>\n<\/tr>\n<tr style=\"height: 23px;\">\n<td style=\"width: 35.421415%; height: 24px;\">Bratrollen<\/td>\n<td style=\"width: 16.766109%; height: 24px;\">4 min.<\/td>\n<td style=\"width: 17.931523%; height: 24px;\">170 \u00baC<\/td>\n<\/tr>\n<tr style=\"height: 23px;\">\n<td style=\"width: 35.421415%; height: 23px;\">Chicken Nuggets<\/td>\n<td style=\"width: 16.766109%; height: 23px;\">4 min.<\/td>\n<td style=\"width: 17.931523%; height: 23px;\">170 \u00baC<\/td>\n<\/tr>\n<tr style=\"height: 23px;\">\n<td style=\"width: 35.421415%; height: 23px;\">Schnitzel<\/td>\n<td style=\"width: 16.766109%; height: 23px;\">4 min.<\/td>\n<td style=\"width: 17.931523%; height: 23px;\">170 \u00baC<\/td>\n<\/tr>\n<tr style=\"height: 23px;\">\n<td style=\"width: 70.119047%; height: 23px;\" colspan=\"3\">&nbsp;<\/td>\n<\/tr>\n<tr style=\"height: 23px;\">\n<td style=\"width: 35.421415%; height: 23px;\">Nudeln Scheiben<\/td>\n<td style=\"width: 16.766109%; height: 23px;\">7 min.<\/td>\n<td style=\"width: 17.931523%; height: 23px;\">170 \u00baC<\/td>\n<\/tr>\n<tr style=\"height: 23px;\">\n<td style=\"width: 35.421415%; height: 23px;\">Gem\u00fcse-Kroketten<\/td>\n<td style=\"width: 16.766109%; height: 23px;\">7 min.<\/td>\n<td style=\"width: 17.931523%; height: 23px;\">170 \u00baC<\/td>\n<\/tr>\n<tr style=\"height: 23px;\">\n<td style=\"width: 35.421415%; height: 23px;\">Gem\u00fcse-Bitterb\u00e4llchen<\/td>\n<td style=\"width: 16.766109%; height: 23px;\">4 min.<\/td>\n<td style=\"width: 17.931523%; height: 23px;\">170 \u00baC<\/td>\n<\/tr>\n<tr style=\"height: 23px;\">\n<td style=\"width: 35.421415%; height: 23px;\">Cheeszero Souffl\u00e9<\/td>\n<td style=\"width: 16.766109%; height: 23px;\">2 min.<\/td>\n<td style=\"width: 17.931523%; height: 23px;\">170 \u00baC<\/td>\n<\/tr>\n<tr style=\"height: 23px;\">\n<td style=\"width: 35.421415%; height: 23px;\">Cheeszero Croquette<\/td>\n<td style=\"width: 16.766109%; height: 23px;\">7 min.<\/td>\n<td style=\"width: 17.931523%; height: 23px;\">170 \u00baC<\/td>\n<\/tr>\n<tr style=\"height: 23px;\">\n<td style=\"width: 35.421415%; height: 23px;\">Cheeszero Croquette Mini<\/td>\n<td style=\"width: 16.766109%; height: 23px;\">4 min.<\/td>\n<td style=\"width: 17.931523%; height: 23px;\">170 \u00baC<\/td>\n<\/tr>\n<tr style=\"height: 23px;\">\n<td style=\"width: 35.421415%; height: 23px;\">Fricado<\/td>\n<td style=\"width: 16.766109%; height: 23px;\">5 min.<\/td>\n<td style=\"width: 17.931523%; height: 23px;\">170 \u00baC<\/td>\n<\/tr>\n<tr style=\"height: 23px;\">\n<td style=\"width: 35.421415%; height: 23px;\">Maxicado<\/td>\n<td style=\"width: 16.766109%; height: 23px;\">5 min.<\/td>\n<td style=\"width: 17.931523%; height: 23px;\">170 \u00baC<\/td>\n<\/tr>\n<\/tbody>\n<\/table>\n<p>&nbsp;<\/p>\n<table style=\"border-collapse: collapse; width: 70.119048%; height: 527px;\">\n<tbody>\n<tr style=\"height: 69px;\">\n<td style=\"width: 70.119047%; height: 69px;\" colspan=\"3\">\n<h3><strong>Airfryer<\/strong><\/h3>\n<\/td>\n<\/tr>\n<tr style=\"height: 23px;\">\n<td style=\"width: 35.421415%; height: 23px;\"><strong>Produkt<\/strong><\/td>\n<td style=\"width: 16.766109%; height: 23px;\"><strong>Zeit<\/strong><\/td>\n<td style=\"width: 17.931523%; height: 23px;\"><strong>Temperatur<\/strong><\/td>\n<\/tr>\n<tr style=\"height: 23px;\">\n<td style=\"width: 35.421415%; height: 23px;\">Rindfleisch-Kroketten*<\/td>\n<td style=\"width: 16.766109%; height: 23px;\">11 min.<\/td>\n<td style=\"width: 17.931523%; height: 23px;\">200 \u00baC<\/td>\n<\/tr>\n<tr style=\"height: 23px;\">\n<td style=\"width: 35.421415%; height: 23px;\">Rindfleisch-Bitterb\u00e4llchen*<\/td>\n<td style=\"width: 16.766109%; height: 23px;\">9 min.<\/td>\n<td style=\"width: 17.931523%; height: 23px;\">200 \u00baC<\/td>\n<\/tr>\n<tr style=\"height: 23px;\">\n<td style=\"width: 35.421415%; height: 23px;\">Bratrollen<\/td>\n<td style=\"width: 16.766109%; height: 23px;\">6 min.<\/td>\n<td style=\"width: 17.931523%; height: 23px;\">200 \u00baC<\/td>\n<\/tr>\n<tr style=\"height: 23px;\">\n<td style=\"width: 35.421415%; height: 23px;\">Chicken Nuggets<\/td>\n<td style=\"width: 16.766109%; height: 23px;\">8 min.<\/td>\n<td style=\"width: 17.931523%; height: 23px;\">200 \u00baC<\/td>\n<\/tr>\n<tr style=\"height: 23px;\">\n<td style=\"width: 35.421415%; height: 23px;\">Schnitzel<\/td>\n<td style=\"width: 16.766109%; height: 23px;\">8 min.<\/td>\n<td style=\"width: 17.931523%; height: 23px;\">200 \u00baC<\/td>\n<\/tr>\n<tr style=\"height: 23px;\">\n<td style=\"width: 70.119047%; height: 23px;\" colspan=\"3\">&nbsp;<\/td>\n<\/tr>\n<tr style=\"height: 23px;\">\n<td style=\"width: 35.421415%; height: 23px;\">Nudeln Scheiben*<\/td>\n<td style=\"width: 16.766109%; height: 23px;\">17 min.<\/td>\n<td style=\"width: 17.931523%; height: 23px;\">200 \u00baC<\/td>\n<\/tr>\n<tr style=\"height: 23px;\">\n<td style=\"width: 35.421415%; height: 23px;\">Gem\u00fcse-Kroketten*<\/td>\n<td style=\"width: 16.766109%; height: 23px;\">11 min.<\/td>\n<td style=\"width: 17.931523%; height: 23px;\">200 \u00baC<\/td>\n<\/tr>\n<tr style=\"height: 23px;\">\n<td style=\"width: 35.421415%; height: 23px;\">Gem\u00fcse-Bitterb\u00e4llchen*<\/td>\n<td style=\"width: 16.766109%; height: 23px;\">9 min.<\/td>\n<td style=\"width: 17.931523%; height: 23px;\">200 \u00baC<\/td>\n<\/tr>\n<tr style=\"height: 23px;\">\n<td style=\"width: 35.421415%; height: 23px;\">Cheeszero Souffl\u00e9*<\/td>\n<td style=\"width: 16.766109%; height: 23px;\">8 min.<\/td>\n<td style=\"width: 17.931523%; height: 23px;\">200 \u00baC<\/td>\n<\/tr>\n<tr style=\"height: 23px;\">\n<td style=\"width: 35.421415%; height: 23px;\">Cheeszero Croquette*<\/td>\n<td style=\"width: 16.766109%; height: 23px;\">11 min.<\/td>\n<td style=\"width: 17.931523%; height: 23px;\">200 \u00baC<\/td>\n<\/tr>\n<tr style=\"height: 23px;\">\n<td style=\"width: 35.421415%; height: 23px;\">Cheeszero Croquette Mini*<\/td>\n<td style=\"width: 16.766109%; height: 23px;\">9 min.<\/td>\n<td style=\"width: 17.931523%; height: 23px;\">200&nbsp;\u00baC<\/td>\n<\/tr>\n<tr style=\"height: 23px;\">\n<td style=\"width: 35.421415%; height: 23px;\">Fricado<\/td>\n<td style=\"width: 16.766109%; height: 23px;\">8 min.<\/td>\n<td style=\"width: 17.931523%; height: 23px;\">200 \u00baC<\/td>\n<\/tr>\n<tr style=\"height: 23px;\">\n<td style=\"width: 35.421415%; height: 23px;\">Maxicado<\/td>\n<td style=\"width: 16.766109%; height: 23px;\">8 min.<\/td>\n<td style=\"width: 17.931523%; height: 23px;\">200 \u00baC<\/td>\n<\/tr>\n<tr style=\"height: 23px;\">\n<td style=\"width: 35.421415%; height: 23px;\">&nbsp;<\/td>\n<td style=\"width: 16.766109%; height: 23px;\">&nbsp;<\/td>\n<td style=\"width: 17.931523%; height: 23px;\">&nbsp;<\/td>\n<\/tr>\n<tr style=\"height: 23px;\">\n<td style=\"width: 35.421415%; height: 23px;\">Apfeltasche**<\/td>\n<td style=\"width: 16.766109%; height: 23px;\">4 min.<\/td>\n<td style=\"width: 17.931523%; height: 23px;\">200 \u00baC<\/td>\n<\/tr>\n<tr style=\"height: 23px;\">\n<td style=\"width: 35.421415%; height: 23px;\">Frikandelbroodje<\/td>\n<td style=\"width: 16.766109%; height: 23px;\">8 min.<\/td>\n<td style=\"width: 17.931523%; height: 23px;\">200 \u00baC<\/td>\n<\/tr>\n<tr style=\"height: 21px;\">\n<td style=\"width: 35.421415%; height: 21px;\">Bl\u00e4tterteig<\/td>\n<td style=\"width: 16.766109%; height: 21px;\">15-30 min.<\/td>\n<td style=\"width: 17.931523%; height: 21px;\">200 \u00baC<\/td>\n<\/tr>\n<tr style=\"height: 23px;\">\n<td style=\"width: 35.421415%; height: 23px;\">Pasteten<\/td>\n<td style=\"width: 16.766109%; height: 23px;\">6 min.<\/td>\n<td style=\"width: 17.931523%; height: 23px;\">165 \u00baC<\/td>\n<\/tr>\n<\/tbody>\n<\/table>\n<p><span style=\"color: #709302;\"><em>*= wir empfehlen, dieses Produkt vor der Zubereitung mit Oliven\u00f6lspray einzuspr\u00fchen<br>**=&nbsp;bereiten Sie die Apfeltaschen direkt aus der Tiefk\u00fchltruhe zu. Stellen Sie sie zun\u00e4chst kurz in die Mikrowelle (30 Sekunden, 300 Watt). Nicht auftauen. Sie haben keine Mikrowelle zur Verf\u00fcgung? Dann \u00fcberspringen Sie diesen Schritt.<\/em><\/span><\/p>\n<table style=\"border-collapse: collapse; width: 94.280135%; height: 529px;\">\n<tbody>\n<tr style=\"height: 69px;\">\n<td style=\"height: 69px; width: 72.547999%;\" colspan=\"3\">\n<h3><strong>Ofen<\/strong><\/h3>\n<\/td>\n<td style=\"width: 98.049374%; height: 69px;\">\n<h3><strong>&nbsp;<\/strong><\/h3>\n<\/td>\n<\/tr>\n<tr style=\"height: 23px;\">\n<td style=\"width: 36.748305%; height: 24px;\"><strong>Produkt<\/strong><\/td>\n<td style=\"width: 20.02326%; height: 24px;\"><strong>Zeit<\/strong><\/td>\n<td style=\"width: 15.776434%; height: 24px;\"><strong>Temperatur<\/strong><\/td>\n<td style=\"width: 98.049374%; height: 24px;\"><strong>&nbsp;<\/strong><\/td>\n<\/tr>\n<tr style=\"height: 23px;\">\n<td style=\"width: 36.748305%; height: 23px;\">Rindfleisch-Kroketten*<\/td>\n<td style=\"width: 20.02326%; height: 23px;\">20 min.<\/td>\n<td style=\"width: 15.776434%; height: 23px;\">190 \u00baC<\/td>\n<td style=\"width: 98.049374%; height: 23px;\">&nbsp;<\/td>\n<\/tr>\n<tr style=\"height: 23px;\">\n<td style=\"width: 36.748305%; height: 23px;\">Rindfleisch-Bitterb\u00e4llchen*<\/td>\n<td style=\"width: 20.02326%; height: 23px;\">18 min.<\/td>\n<td style=\"width: 15.776434%; height: 23px;\">190 \u00baC<\/td>\n<td style=\"width: 98.049374%; height: 23px;\">&nbsp;<\/td>\n<\/tr>\n<tr style=\"height: 23px;\">\n<td style=\"width: 36.748305%; height: 23px;\">Bratrollen<\/td>\n<td style=\"width: 20.02326%; height: 23px;\">13 min.<\/td>\n<td style=\"width: 15.776434%; height: 23px;\">250 \u00baC<\/td>\n<td style=\"width: 98.049374%; height: 23px;\">&nbsp;<\/td>\n<\/tr>\n<tr style=\"height: 23px;\">\n<td style=\"width: 36.748305%; height: 23px;\">Chicken Nuggets<\/td>\n<td style=\"width: 20.02326%; height: 23px;\">9 min.<\/td>\n<td style=\"width: 15.776434%; height: 23px;\">250 \u00baC<\/td>\n<td style=\"width: 98.049374%; height: 23px;\">&nbsp;<\/td>\n<\/tr>\n<tr style=\"height: 23px;\">\n<td style=\"width: 36.748305%; height: 23px;\">Schnitzel<\/td>\n<td style=\"width: 20.02326%; height: 23px;\">9 min.<\/td>\n<td style=\"width: 15.776434%; height: 23px;\">250 \u00baC<\/td>\n<td style=\"width: 98.049374%; height: 23px;\">&nbsp;<\/td>\n<\/tr>\n<tr style=\"height: 23px;\">\n<td style=\"height: 22px; width: 72.547999%;\" colspan=\"3\">&nbsp;<\/td>\n<td style=\"width: 98.049374%; height: 22px;\">&nbsp;<\/td>\n<\/tr>\n<tr style=\"height: 23px;\">\n<td style=\"width: 36.748305%; height: 24px;\">Nudeln Scheiben*<\/td>\n<td style=\"width: 20.02326%; height: 24px;\">23 min.<\/td>\n<td style=\"width: 15.776434%; height: 24px;\">250 \u00baC&nbsp;<\/td>\n<td style=\"width: 98.049374%; height: 24px;\">(grillfunktion)<\/td>\n<\/tr>\n<tr style=\"height: 23px;\">\n<td style=\"width: 36.748305%; height: 23px;\">Gem\u00fcse-Kroketten*<\/td>\n<td style=\"width: 20.02326%; height: 23px;\">20 min.<\/td>\n<td style=\"width: 15.776434%; height: 23px;\">190 \u00baC&nbsp;<\/td>\n<td style=\"width: 98.049374%; height: 23px;\">(grillfunktion)<\/td>\n<\/tr>\n<tr style=\"height: 23px;\">\n<td style=\"width: 36.748305%; height: 23px;\">Gem\u00fcse-Bitterb\u00e4llchen*<\/td>\n<td style=\"width: 20.02326%; height: 23px;\">18 min.<\/td>\n<td style=\"width: 15.776434%; height: 23px;\">190 \u00baC<\/td>\n<td style=\"width: 98.049374%; height: 23px;\">(grillfunktion)<\/td>\n<\/tr>\n<tr style=\"height: 23px;\">\n<td style=\"width: 36.748305%; height: 23px;\">Cheeszero Souffl\u00e9*<\/td>\n<td style=\"width: 20.02326%; height: 23px;\">9 min.<\/td>\n<td style=\"width: 15.776434%; height: 23px;\">250 \u00baC<\/td>\n<td style=\"width: 98.049374%; height: 23px;\">(grillfunktion)<\/td>\n<\/tr>\n<tr style=\"height: 23px;\">\n<td style=\"width: 36.748305%; height: 23px;\">Cheeszero Croquette*<\/td>\n<td style=\"width: 20.02326%; height: 23px;\">20 min.<\/td>\n<td style=\"width: 15.776434%; height: 23px;\">190 \u00baC<\/td>\n<td style=\"width: 98.049374%; height: 23px;\">(grillfunktion)<\/td>\n<\/tr>\n<tr style=\"height: 23px;\">\n<td style=\"width: 36.748305%; height: 23px;\">Cheeszero Croquette Mini*<\/td>\n<td style=\"width: 20.02326%; height: 23px;\">18 min.<\/td>\n<td style=\"width: 15.776434%; height: 23px;\">190 \u00baC<\/td>\n<td style=\"width: 98.049374%; height: 23px;\">(grillfunktion)<\/td>\n<\/tr>\n<tr style=\"height: 23px;\">\n<td style=\"width: 36.748305%; height: 23px;\">Fricado<\/td>\n<td style=\"width: 20.02326%; height: 23px;\">16 min.<\/td>\n<td style=\"width: 15.776434%; height: 23px;\">250 \u00baC<\/td>\n<td style=\"width: 98.049374%; height: 23px;\">(grillfunktion)<\/td>\n<\/tr>\n<tr style=\"height: 23px;\">\n<td style=\"width: 36.748305%; height: 23px;\">Maxicado<\/td>\n<td style=\"width: 20.02326%; height: 23px;\">16 min.<\/td>\n<td style=\"width: 15.776434%; height: 23px;\">250 \u00baC<\/td>\n<td style=\"width: 98.049374%; height: 23px;\">(grillfunktion)<\/td>\n<\/tr>\n<tr style=\"height: 22px;\">\n<td style=\"width: 36.748305%; height: 22px;\">&nbsp;<\/td>\n<td style=\"width: 20.02326%; height: 22px;\">&nbsp;<\/td>\n<td style=\"width: 15.776434%; height: 22px;\">&nbsp;<\/td>\n<td style=\"width: 98.049374%; height: 22px;\">&nbsp;<\/td>\n<\/tr>\n<tr style=\"height: 23px;\">\n<td style=\"width: 36.748305%; height: 23px;\">Apfeltasche**<\/td>\n<td style=\"width: 20.02326%; height: 23px;\">8 min.<\/td>\n<td style=\"width: 15.776434%; height: 23px;\">200 \u00baC<\/td>\n<td style=\"width: 98.049374%; height: 23px;\">&nbsp;<\/td>\n<\/tr>\n<tr style=\"height: 23px;\">\n<td style=\"width: 36.748305%; height: 23px;\">Frikandelbroodje<\/td>\n<td style=\"width: 20.02326%; height: 23px;\">14 min.<\/td>\n<td style=\"width: 15.776434%; height: 23px;\">180 \u00baC<\/td>\n<td style=\"width: 98.049374%; height: 23px;\">&nbsp;<\/td>\n<\/tr>\n<tr style=\"height: 23px;\">\n<td style=\"width: 36.748305%; height: 23px;\">Bl\u00e4tterteig<\/td>\n<td style=\"width: 20.02326%; height: 23px;\">15-30 min.<\/td>\n<td style=\"width: 15.776434%; height: 23px;\">225-240 \u00baC<\/td>\n<td style=\"width: 98.049374%; height: 23px;\">(grillfunktion)<\/td>\n<\/tr>\n<tr style=\"height: 23px;\">\n<td style=\"width: 36.748305%; height: 23px;\">Pasteten<\/td>\n<td style=\"width: 20.02326%; height: 23px;\">15 min.<\/td>\n<td style=\"width: 15.776434%; height: 23px;\">165 \u00baC<\/td>\n<td style=\"width: 98.049374%; height: 23px;\">&nbsp;<\/td>\n<\/tr>\n<\/tbody>\n<\/table>\n<p><span style=\"color: #709302;\"><em>*= wir empfehlen, dieses Produkt vor der Zubereitung mit Oliven\u00f6lspray einzuspr\u00fchen<br>**=&nbsp;bereiten Sie die Apfeltaschen direkt aus der Tiefk\u00fchltruhe zu. Stellen Sie sie zun\u00e4chst kurz in die Mikrowelle (30 Sekunden, 300 Watt). Nicht auftauen. Sie haben keine Mikrowelle zur Verf\u00fcgung? Dann \u00fcberspringen Sie diesen Schritt.<\/em><\/span><\/p>\n<table style=\"border-collapse: collapse; width: 70.119048%; height: 254px;\">\n<tbody>\n<tr style=\"height: 69px;\">\n<td style=\"width: 52.357303%; height: 69px;\" colspan=\"2\">\n<h3><strong>Backform<\/strong><\/h3>\n<\/td>\n<\/tr>\n<tr style=\"height: 23px;\">\n<td style=\"width: 35.421415%; height: 23px;\"><strong>Produkt<\/strong><\/td>\n<td style=\"width: 16.935888%; height: 23px;\"><strong>Zeit<\/strong><\/td>\n<\/tr>\n<tr style=\"height: 23px;\">\n<td style=\"width: 35.421415%; height: 23px;\">Batrollen&nbsp;<\/td>\n<td style=\"width: 16.935888%; height: 23px;\">9 min.<\/td>\n<\/tr>\n<tr style=\"height: 23px;\">\n<td style=\"width: 35.421415%; height: 23px;\">Chicken<\/td>\n<td style=\"width: 16.935888%; height: 23px;\">6 min.<\/td>\n<\/tr>\n<tr style=\"height: 23px;\">\n<td style=\"width: 35.421415%; height: 23px;\">Schnitzel<\/td>\n<td style=\"width: 16.935888%; height: 23px;\">6 min.<\/td>\n<\/tr>\n<tr style=\"height: 23px;\">\n<td style=\"width: 52.357303%; height: 23px;\" colspan=\"2\">&nbsp;<\/td>\n<\/tr>\n<tr style=\"height: 23px;\">\n<td style=\"width: 35.421415%; height: 24px;\">Cheeszero Souffl\u00e9<\/td>\n<td style=\"width: 16.935888%; height: 24px;\">4 min.<\/td>\n<\/tr>\n<tr style=\"height: 23px;\">\n<td style=\"width: 35.421415%; height: 23px;\">Fricado<\/td>\n<td style=\"width: 16.935888%; height: 23px;\">10 min.<\/td>\n<\/tr>\n<tr style=\"height: 23px;\">\n<td style=\"width: 35.421415%; height: 23px;\">Maxicado<\/td>\n<td style=\"width: 16.935888%; height: 23px;\">10 min.<\/td>\n<\/tr>\n<\/tbody>\n<\/table>\n<p>&nbsp;<\/p>\n\n\n","protected":false},"excerpt":{"rendered":"<p>Nachfolgend finden Sie die Zubereitungshinweise. Bitte beachten Sie: Die angegebenen Zeiten sind Durchschnittswerte. Diese k\u00f6nnen geringf\u00fcgig abweichen. Friteuse Produkt Zeit Temperatur Rindfleisch-Kroketten 7 min. 170 \u00baC Rindfleisch-Bitterb\u00e4llchen 4 min. 170 \u00baC Bratrollen 4 min. 170 \u00baC Chicken Nuggets 4 min. 170 \u00baC Schnitzel 4 min. 170 \u00baC &nbsp; Nudeln Scheiben 7 min. 170 \u00baC Gem\u00fcse-Kroketten [&hellip;]<\/p>\n","protected":false},"author":3,"featured_media":0,"parent":0,"menu_order":37,"comment_status":"closed","ping_status":"closed","template":"","meta":{"_acf_changed":false,"footnotes":""},"categories":[],"tags":[],"class_list":["post-16727","page","type-page","status-publish","hentry"],"acf":[],"_links":{"self":[{"href":"https:\/\/www.vafoods.eu\/de\/wp-json\/wp\/v2\/pages\/16727","targetHints":{"allow":["GET"]}}],"collection":[{"href":"https:\/\/www.vafoods.eu\/de\/wp-json\/wp\/v2\/pages"}],"about":[{"href":"https:\/\/www.vafoods.eu\/de\/wp-json\/wp\/v2\/types\/page"}],"author":[{"embeddable":true,"href":"https:\/\/www.vafoods.eu\/de\/wp-json\/wp\/v2\/users\/3"}],"replies":[{"embeddable":true,"href":"https:\/\/www.vafoods.eu\/de\/wp-json\/wp\/v2\/comments?post=16727"}],"version-history":[{"count":3,"href":"https:\/\/www.vafoods.eu\/de\/wp-json\/wp\/v2\/pages\/16727\/revisions"}],"predecessor-version":[{"id":16736,"href":"https:\/\/www.vafoods.eu\/de\/wp-json\/wp\/v2\/pages\/16727\/revisions\/16736"}],"wp:attachment":[{"href":"https:\/\/www.vafoods.eu\/de\/wp-json\/wp\/v2\/media?parent=16727"}],"wp:term":[{"taxonomy":"category","embeddable":true,"href":"https:\/\/www.vafoods.eu\/de\/wp-json\/wp\/v2\/categories?post=16727"},{"taxonomy":"post_tag","embeddable":true,"href":"https:\/\/www.vafoods.eu\/de\/wp-json\/wp\/v2\/tags?post=16727"}],"curies":[{"name":"wp","href":"https:\/\/api.w.org\/{rel}","templated":true}]}}